{"id":98,"date":"2014-11-01T14:19:36","date_gmt":"2014-11-01T13:19:36","guid":{"rendered":"http:\/\/overnet.hu\/?page_id=98"},"modified":"2024-03-20T09:36:33","modified_gmt":"2024-03-20T08:36:33","slug":"gyermekbiztonsagi-szuroszoftver","status":"publish","type":"page","link":"https:\/\/overnet.hu\/?page_id=98","title":{"rendered":"Gyermekbiztons\u00e1gi sz\u0171r\u0151szoftver"},"content":{"rendered":"<p><strong>A Neten is k\u00f6zlekedj\u00fcnk okosan!<\/strong><\/p>\n<p>D\u00edjmentes sz\u0171r\u0151szoftverrel seg\u00edtj\u00fck a gyermekek biztons\u00e1gos internethaszn\u00e1lat\u00e1t. \u00d6nnek van kisgyermeke? Ugye f\u00e9lti egyed\u00fcl \u00e1tengedni az \u00fattesten? \u00c9s az interneten m\u00e9gis hagyja \u0151t v\u00e9dtelen\u00fcl bolyongani?<\/p>\n<p>A ny\u00e1ri vak\u00e1ci\u00f3 bek\u00f6sz\u00f6nt\u00e9vel t\u00f6bb szabadidej\u00fck van a gyerekeknek \u2013 ilyenkor nemcsak a t\u00e1borok, hanem a net is sz\u00e1mtalan lehet\u0151s\u00e9get k\u00edn\u00e1l a sz\u00f3rakoz\u00e1sra, a vil\u00e1g felfedez\u00e9s\u00e9re, s\u0151t \u00faj ismerets\u00e9gek sz\u00f6v\u0151d\u00e9s\u00e9re is. Az internet teh\u00e1t igazi kincsesb\u00e1nya.<\/p>\n<p><strong>Vajon mi\u00e9rt gondolja m\u00e9gis minden harmadik megk\u00e9rdezett \u00e9desanya, hogy a \u201eh\u00e1l\u00f3&#8221; k\u00e1ros \u00e9s vesz\u00e9lyes lehet gyermeke sz\u00e1m\u00e1ra?<\/strong><\/p>\n<p>A sz\u00fcl\u0151k \u2013 felel\u0151ss\u00e9g\u00fcket \u00e1t\u00e9rezve \u2013 joggal tartanak att\u00f3l, hogy a gyerek m\u00e9g nem ismeri az internetes k\u00f6zleked\u00e9s minden fort\u00e9ly\u00e1t. Hogyan lehets\u00e9ges m\u00e9gis, hogy \u2013 egy friss felm\u00e9r\u00e9s szerint \u2013 haz\u00e1nkban m\u00e1r minden m\u00e1sodik 7-10 \u00e9ves gyermek, s\u0151t m\u00e9g a 7 \u00e9ven aluliak k\u00f6z\u00fcl is minden tizedik egyed\u00fcl is szokott internetezni!? Ez \u00f3ri\u00e1si sz\u00e1m, a f\u00e9lt\u00e9s teh\u00e1t nem alaptalan \u2013 de j\u00f3 tudni, hogy a seg\u00edts\u00e9g t\u00f6bb ir\u00e1nyb\u00f3l is j\u00f6het.<\/p>\n<p>Ahogy a sz\u00fcl\u0151i gondoskod\u00e1s m\u00e1s ter\u00fcletein, az internet eset\u00e9ben is az a legszerencs\u00e9sebb, ha a gyermek a sz\u00fcl\u0151vel egy\u00fctt teszi meg az els\u0151 l\u00e9p\u00e9seket, aki k\u00e9s\u0151bb sem engedi el teljesen csemet\u00e9je kez\u00e9t. Seg\u00edt neki, hogy merre induljon, mit ker\u00fclj\u00f6n el, \u00e9s a k\u00e9s\u0151bbiekben is tud r\u00f3la, hol j\u00e1r, mit csin\u00e1l a vil\u00e1gh\u00e1l\u00f3n. Besz\u00e9lgessen vele bizalommal \u00e9s nyitotts\u00e1ggal, fedezz\u00e9k fel egy\u00fctt a sz\u00e1mtalan lehet\u0151s\u00e9get! Az \u00e1lland\u00f3 szem\u00e9lyes jelenl\u00e9t persze nem lehets\u00e9ges \u2013 \u00e9s nem is indokolt.<\/p>\n<p>A gondoskod\u00e1sra ugyanis ma m\u00e1r a t\u00e1volb\u00f3l is van m\u00f3d. Erre aj\u00e1nlunk most ingyenes, k\u00f6nnyen let\u00f6lthet\u0151 sz\u0171r\u0151programokat, melyek a nap 24 \u00f3r\u00e1j\u00e1ban \u2013 ak\u00e1r t\u00f6bb hordozhat\u00f3 eszk\u00f6z\u00f6n is egyszerre \u2013 fel\u00fcgyelik gyermeke internetez\u00e9s\u00e9t.<\/p>\n<p><strong>\u00d6n is tart att\u00f3l, hogy a v\u00e1ratlan, ijeszt\u0151 vagy feln\u0151tteknek sz\u00f3l\u00f3 tartalmak k\u00e1rosan hatnak gyermeke lelki fejl\u0151d\u00e9s\u00e9re?<\/strong><\/p>\n<ul>\n<li>A szoftverekkel be\u00e1ll\u00edthatja, mi az, amit nem szeretne, hogy gyermeke el\u00e9rjen az interneten. C\u00e9lszer\u0171 ezt el\u0151re megbesz\u00e9lni, egyeztetni vele \u2013 ez bizalomteli kapcsolatukat is er\u0151s\u00edtheti.<\/li>\n<li>A programok megmutatj\u00e1k, milyen h\u00edv\u00f3szavak seg\u00edts\u00e9g\u00e9vel keres gyermeke, s lehet\u0151v\u00e9 teszik, hogy \u00d6n kisz\u0171rje a sz\u00e1m\u00e1ra nem megfelel\u0151, nem k\u00edv\u00e1nt tartalmakat.<\/li>\n<li>A rendszer a megtekintett oldalakat napl\u00f3zza a sz\u00e1m\u00edt\u00f3g\u00e9pen, \u00edgy ut\u00f3lag azokb\u00f3l is ki lehet sz\u0171rni a nemk\u00edv\u00e1natos tartalmakat. Bizonyos webhelyeket mobilk\u00e9sz\u00fcl\u00e9ke seg\u00edts\u00e9g\u00e9vel is letilthat.<\/li>\n<li>Ha gyermeke megs\u00e9rti a sz\u0171r\u0151be\u00e1ll\u00edt\u00e1sokat, a szoftver err\u0151l e-mailben \u00e9rtes\u00edti \u00d6nt.<\/li>\n<\/ul>\n<p><strong>Tart att\u00f3l, hogy gyermeke a sz\u00e1m\u00edt\u00f3g\u00e9p el\u0151tt elt\u00f6lt\u00f6tt t\u00fal hossz\u00fa id\u0151 miatt internetf\u00fcgg\u0151 lesz?<\/strong><\/p>\n<ul>\n<li>A sz\u0171r\u0151k seg\u00edts\u00e9g\u00e9vel meghat\u00e1rozhatja, mennyi id\u0151t t\u00f6lthet netez\u00e9ssel, id\u0151korl\u00e1tokat (h\u00e9t, nap, \u00f3ra) \u00e1ll\u00edthat be.<\/li>\n<\/ul>\n<p><strong>Tart att\u00f3l, hogy gyermeke t\u00e1rsas viselked\u00e9se, szok\u00e1sai rossz ir\u00e1nyban v\u00e1ltoznak, esetleg bizalmas inform\u00e1ci\u00f3kat \u00e1rul el, s \u00edgy ak\u00e1r vesz\u00e9lybe sodorhatja mag\u00e1t?<\/strong><\/p>\n<ul>\n<li>A sz\u0171r\u0151 megmutatja, hogy gyermeke mely k\u00f6z\u00f6ss\u00e9gi fel\u00fcleteken van jelen, milyen fot\u00f3kat tesz k\u00f6zz\u00e9 \u00e9s mit k\u00f6z\u00f6l mag\u00e1r\u00f3l. De m\u00e9g jobb, ha bizalommal fordulhat \u00d6nh\u00f6z, s mindezt k\u00f6z\u00f6sen d\u00f6ntik el.<\/li>\n<li>A szoftver seg\u00edts\u00e9g\u00e9vel megakad\u00e1lyozhatja, hogy bizalmas szem\u00e9lyes adatokat osszon meg az interneten, bele\u00e9rtve a telefonsz\u00e1mot, a lak\u00e1sc\u00edmet, az e-mail c\u00edmet, net\u00e1n a t\u00e1rsadalom-<\/li>\n<li>biztos\u00edt\u00e1si azonos\u00edt\u00f3t. Ha \u00d6n elmagyar\u00e1zza az ebben rejl\u0151 kock\u00e1zatokat, a gyerek nem korl\u00e1toz\u00e1sk\u00e9nt \u00e9li ezt meg, hanem \u00e9rzi saj\u00e1t felel\u0151ss\u00e9g\u00e9t is.<\/li>\n<li>A rendszer a fel\u00fcgyeletet mobileszk\u00f6z\u00f6k\u00f6n is lehet\u0151v\u00e9 teszi, \u00edgy a be\u00e1ll\u00edt\u00e1sokat nem csup\u00e1n otthonr\u00f3l, hanem \u00fatk\u00f6zben is meg tudja v\u00e1ltoztatni.<\/li>\n<\/ul>\n<p>Az internet t\u00e9rh\u00f3d\u00edt\u00e1s\u00e1val ar\u00e1nyosan n\u0151 a gyermekek internetez\u00e9s\u00e9t felvil\u00e1gos\u00edt\u00e1ssal \u00e9s sz\u0171r\u0151kkel is v\u00e9d\u0151 sz\u00fcl\u0151k sz\u00e1ma. <strong>\u00d6n is k\u00f6zt\u00fck van m\u00e1r?<\/strong><\/p>\n<p>A kiskor\u00faak biztons\u00e1gos nethaszn\u00e1lata \u00e9rdek\u00e9ben* 2014. j\u00falius 1-j\u00e9t\u0151l internet-szolg\u00e1ltat\u00f3k\u00e9nt biztos\u00edtjuk a kiskor\u00faak v\u00e9delm\u00e9t lehet\u0151v\u00e9 tev\u0151, magyar nyelv\u0171, k\u00f6nnyen telep\u00edthet\u0151 \u00e9s haszn\u00e1lhat\u00f3 szoftverek (sz\u0171r\u0151szoftverek) internetes honlapunkr\u00f3l val\u00f3 ingyenes let\u00f6lthet\u0151s\u00e9g\u00e9t \u00e9s ezt k\u00f6vet\u0151en azok ingyenes haszn\u00e1lhat\u00f3s\u00e1g\u00e1t minden \u00e9rdekl\u0151d\u0151 el\u0151fizet\u0151 (sz\u00fcl\u0151) sz\u00e1m\u00e1ra.<\/p>\n<p><strong>Milyen sz\u0171r\u0151szoftvereket aj\u00e1nlunk?<\/strong><\/p>\n<ul>\n<li><strong><a href=\"https:\/\/onlinefamily.norton.com\/familysafety\/loginStart.fs?inid=hu_2010June_NOF&amp;ULang=hun?inid=emea_hu_module3_norton_family\">Norton Family<\/a><\/strong><\/li>\n<li><a href=\"https:\/\/www.microsoft.com\/hu-hu\/microsoft-365\/family-safety?ocid=family_signin&amp;rtc=1\" target=\"_blank\" rel=\"noopener\"><strong>Microsoft Windows Csal\u00e1dbiztons\u00e1gi Be\u00e1ll\u00edt\u00e1sok<\/strong><\/a><\/li>\n<li><strong><a href=\"https:\/\/families.google.com\/intl\/hu\/familylink\/\" target=\"_blank\" rel=\"noopener\">Google Family Link<\/a><\/strong><\/li>\n<\/ul>\n<p>Most b\u00e1rmelyik aj\u00e1nlott sz\u0171r\u0151szoftver let\u00f6lthet\u0151 a fenti linkekr\u0151l, majd d\u00edjmentesen telep\u00edthet\u0151 \u00e9s felhaszn\u00e1lhat\u00f3 jelenlegi \u00fcgyfeleink sz\u00e1m\u00e1ra.<\/p>\n<p>A sz\u0171r\u0151szoftver hasznos seg\u00e9deszk\u00f6z, amely kieg\u00e9sz\u00edti \u2013 de term\u00e9szetesen nem p\u00f3tolhatja \u2013 a sz\u00fcl\u0151k jelenl\u00e9t\u00e9t. Seg\u00edts\u00e9g\u00e9vel \u00d6n is t\u00e1mogathatja gyermek\u00e9t abban, hogy eg\u00e9szs\u00e9gesen \u00e9s harm\u00f3ni\u00e1ban \u00e9ljen, hogy felel\u0151sen, okosan internetezzen.<\/p>\n<p>A gyermekek tudatos m\u00e9diafogyaszt\u00e1s\u00e1val \u00e9s a sz\u00fcl\u0151i egy\u00fcttm\u0171k\u00f6d\u00e9ssel kapcsolatosan tov\u00e1bbi \u00e9rdekess\u00e9geket \u00e9s hasznos tan\u00e1csokat olvashat a www.tevezzokosan.hu weboldalon, amely k\u00fcl\u00f6n fejezetet szentel a gyermekek internetez\u00e9s\u00e9vel kapcsolatos k\u00e9rd\u00e9seknek.<\/p>\n<p>A Nemzeti M\u00e9dia \u00e9s H\u00edrk\u00f6zl\u00e9si Hat\u00f3s\u00e1g mellett m\u0171k\u00f6d\u0151 Gyermekv\u00e9delmi Internet-kerekasztal egy aj\u00e1nl\u00e1st fogalmazott meg a kiskor\u00faak biztons\u00e1gos nethaszn\u00e1lata \u00e9rdek\u00e9ben, az aj\u00e1nl\u00e1s az al\u00e1bbi linken \u00e9rhet\u0151 el: <a href=\"http:\/\/nmhh.hu\/dokumentum\/162986\/szuroszoftver_ajanlas.pdf\">sz\u0171r\u0151 let\u00f6lt\u00e9se<\/a><\/p>\n<p><a href=\"https:\/\/nmhh.hu\/dokumentum\/173242\/szuroszoftverek.pdf\" target=\"_blank\" rel=\"noopener\">Tov\u00e1bbi sz\u0171r\u0151szoftver aj\u00e1nl\u00e1sok<\/a><\/p>\n","protected":false},"excerpt":{"rendered":"<p>A Neten is k\u00f6zlekedj\u00fcnk okosan! D\u00edjmentes sz\u0171r\u0151szoftverrel seg\u00edtj\u00fck a gyermekek biztons\u00e1gos internethaszn\u00e1lat\u00e1t. \u00d6nnek van kisgyermeke? Ugye f\u00e9lti egyed\u00fcl \u00e1tengedni az \u00fattesten? \u00c9s az interneten m\u00e9gis hagyja \u0151t v\u00e9dtelen\u00fcl bolyongani? A [&hellip;]<\/p>\n","protected":false},"author":2,"featured_media":0,"parent":0,"menu_order":0,"comment_status":"closed","ping_status":"closed","template":"","meta":{"footnotes":""},"class_list":["post-98","page","type-page","status-publish","hentry","has_no_thumb"],"jetpack_sharing_enabled":true,"_links":{"self":[{"href":"https:\/\/overnet.hu\/index.php?rest_route=\/wp\/v2\/pages\/98","targetHints":{"allow":["GET"]}}],"collection":[{"href":"https:\/\/overnet.hu\/index.php?rest_route=\/wp\/v2\/pages"}],"about":[{"href":"https:\/\/overnet.hu\/index.php?rest_route=\/wp\/v2\/types\/page"}],"author":[{"embeddable":true,"href":"https:\/\/overnet.hu\/index.php?rest_route=\/wp\/v2\/users\/2"}],"replies":[{"embeddable":true,"href":"https:\/\/overnet.hu\/index.php?rest_route=%2Fwp%2Fv2%2Fcomments&post=98"}],"version-history":[{"count":4,"href":"https:\/\/overnet.hu\/index.php?rest_route=\/wp\/v2\/pages\/98\/revisions"}],"predecessor-version":[{"id":1506,"href":"https:\/\/overnet.hu\/index.php?rest_route=\/wp\/v2\/pages\/98\/revisions\/1506"}],"wp:attachment":[{"href":"https:\/\/overnet.hu\/index.php?rest_route=%2Fwp%2Fv2%2Fmedia&parent=98"}],"curies":[{"name":"wp","href":"https:\/\/api.w.org\/{rel}","templated":true}]}}