{"id":922,"date":"2021-04-26T09:01:49","date_gmt":"2021-04-26T08:01:49","guid":{"rendered":"https:\/\/overnet.hu\/?page_id=922"},"modified":"2021-04-26T09:06:23","modified_gmt":"2021-04-26T08:06:23","slug":"zsadany","status":"publish","type":"page","link":"https:\/\/overnet.hu\/?page_id=922","title":{"rendered":"Zsad\u00e1ny"},"content":{"rendered":"\n<p><strong><em>ter\u00fclet\u00e9n bek\u00f6thet\u0151 utca<\/em><\/strong>:<\/p>\n\n\n\n<p><strong>B\u00e9ke utca<\/strong><\/p>\n\n\n\n<p><strong>p\u00e1ratlan oldal: 1 \u2013 181; p\u00e1ros oldal: 34 \u2013 168<\/strong><strong><\/strong><\/p>\n","protected":false},"excerpt":{"rendered":"<p>ter\u00fclet\u00e9n bek\u00f6thet\u0151 utca: B\u00e9ke utca p\u00e1ratlan oldal: 1 \u2013 181; p\u00e1ros oldal: 34 \u2013 168<\/p>\n","protected":false},"author":2,"featured_media":0,"parent":2,"menu_order":0,"comment_status":"closed","ping_status":"closed","template":"","meta":{"footnotes":""},"class_list":["post-922","page","type-page","status-publish","hentry","has_no_thumb"],"jetpack_sharing_enabled":true,"_links":{"self":[{"href":"https:\/\/overnet.hu\/index.php?rest_route=\/wp\/v2\/pages\/922","targetHints":{"allow":["GET"]}}],"collection":[{"href":"https:\/\/overnet.hu\/index.php?rest_route=\/wp\/v2\/pages"}],"about":[{"href":"https:\/\/overnet.hu\/index.php?rest_route=\/wp\/v2\/types\/page"}],"author":[{"embeddable":true,"href":"https:\/\/overnet.hu\/index.php?rest_route=\/wp\/v2\/users\/2"}],"replies":[{"embeddable":true,"href":"https:\/\/overnet.hu\/index.php?rest_route=%2Fwp%2Fv2%2Fcomments&post=922"}],"version-history":[{"count":5,"href":"https:\/\/overnet.hu\/index.php?rest_route=\/wp\/v2\/pages\/922\/revisions"}],"predecessor-version":[{"id":932,"href":"https:\/\/overnet.hu\/index.php?rest_route=\/wp\/v2\/pages\/922\/revisions\/932"}],"up":[{"embeddable":true,"href":"https:\/\/overnet.hu\/index.php?rest_route=\/wp\/v2\/pages\/2"}],"wp:attachment":[{"href":"https:\/\/overnet.hu\/index.php?rest_route=%2Fwp%2Fv2%2Fmedia&parent=922"}],"curies":[{"name":"wp","href":"https:\/\/api.w.org\/{rel}","templated":true}]}}