{"id":85,"date":"2014-10-31T22:18:45","date_gmt":"2014-10-31T21:18:45","guid":{"rendered":"http:\/\/overnet.hu\/?page_id=85"},"modified":"2026-03-31T13:45:00","modified_gmt":"2026-03-31T12:45:00","slug":"oszi-kezdesi-akcio","status":"publish","type":"page","link":"https:\/\/overnet.hu\/?page_id=85","title":{"rendered":"AKCI\u00d3S AJ\u00c1NLAT"},"content":{"rendered":"\n<div class=\"wp-block-columns is-layout-flex wp-container-core-columns-is-layout-9d6595d7 wp-block-columns-is-layout-flex\">\n<div class=\"wp-block-column is-layout-flow wp-block-column-is-layout-flow\" style=\"flex-basis:100%\">\n<div class=\"wp-block-group\"><div class=\"wp-block-group__inner-container is-layout-flow wp-block-group-is-layout-flow\">\n<figure class=\"wp-block-image size-large\"><a href=\"https:\/\/overnet.hu\/wp-content\/uploads\/2026\/03\/Tavaszi-a4-scaled.jpg\"><img loading=\"lazy\" decoding=\"async\" width=\"1024\" height=\"724\" src=\"https:\/\/overnet.hu\/wp-content\/uploads\/2026\/03\/Tavaszi-a4-1024x724.jpg\" alt=\"\" class=\"wp-image-2429\" srcset=\"https:\/\/overnet.hu\/wp-content\/uploads\/2026\/03\/Tavaszi-a4-1024x724.jpg 1024w, https:\/\/overnet.hu\/wp-content\/uploads\/2026\/03\/Tavaszi-a4-300x212.jpg 300w, https:\/\/overnet.hu\/wp-content\/uploads\/2026\/03\/Tavaszi-a4-768x543.jpg 768w, https:\/\/overnet.hu\/wp-content\/uploads\/2026\/03\/Tavaszi-a4-1536x1086.jpg 1536w, https:\/\/overnet.hu\/wp-content\/uploads\/2026\/03\/Tavaszi-a4-2048x1448.jpg 2048w\" sizes=\"auto, (max-width: 1024px) 100vw, 1024px\" \/><\/a><\/figure>\n<\/div><\/div>\n<\/div>\n<\/div>\n\n\n\n<ul class=\"wp-block-list\">\n<li>\u00daj el\u0151fizet\u0151knek hat\u00e1rozott idej\u0171 szerz\u0151d\u00e9ssel, minden kedvezm\u00e9ny ig\u00e9nybev\u00e9tel\u00e9vel:\n<ul class=\"wp-block-list\">\n<li class=\"has-medium-font-size\"><strong>GigaNet 300 Internet d\u00edja havi brutt\u00f3 6.150 Ft<\/strong><\/li>\n\n\n\n<li class=\"has-medium-font-size\"><strong>GigaNet 500 Internet d\u00edja havi brutt\u00f3 7.500 Ft<\/strong><\/li>\n\n\n\n<li class=\"has-medium-font-size\"><strong>GigaNet 1000 Internet d\u00edja havi brutt\u00f3 8.200 Ft<\/strong><\/li>\n<\/ul>\n<\/li>\n\n\n\n<li>Elektronikus sz\u00e1mla v\u00e1laszt\u00e1s eset\u00e9n 575 Ft kedvezm\u00e9ny<\/li>\n\n\n\n<li>K\u00e9szp\u00e9nzes vagy banki \u00e1tutal\u00e1sos fizet\u00e9si m\u00f3d eset\u00e9n 575 Ft kedvezm\u00e9ny<\/li>\n<\/ul>\n\n\n\n<h3 class=\"wp-block-heading\">Sz\u00e1ml\u00e1inkban az al\u00e1bbi d\u00edjakat alkalmazzuk:<\/h3>\n\n\n\n<h6 class=\"wp-block-heading\"><\/h6>\n\n\n\n<ul class=\"wp-block-list\">\n<li>Elektronikus sz\u00e1mla v\u00e1laszt\u00e1s eset\u00e9n 2025.05.01-t\u0151l 550 Ft kedvezm\u00e9ny <br \/><\/li>\n\n\n\n<li>K\u00e9szp\u00e9nzes vagy banki \u00e1tutal\u00e1sos fizet\u00e9si m\u00f3d eset\u00e9n 2025.05.01-t\u0151l 550 Ft kedvezm\u00e9ny<br \/><\/li>\n<\/ul>\n\n\n\n<h6 class=\"wp-block-heading\">A t\u00e1j\u00e9koztat\u00e1s nem teljes k\u00f6r\u0171. Tov\u00e1bbi inform\u00e1ci\u00f3k\u00e9rt keresse \u00fcgyf\u00e9lszolg\u00e1latunkat!<\/h6>\n","protected":false},"excerpt":{"rendered":"<p>Sz\u00e1ml\u00e1inkban az al\u00e1bbi d\u00edjakat alkalmazzuk: A t\u00e1j\u00e9koztat\u00e1s nem teljes k\u00f6r\u0171. Tov\u00e1bbi inform\u00e1ci\u00f3k\u00e9rt keresse \u00fcgyf\u00e9lszolg\u00e1latunkat!<\/p>\n","protected":false},"author":2,"featured_media":1079,"parent":0,"menu_order":0,"comment_status":"closed","ping_status":"closed","template":"","meta":{"footnotes":""},"class_list":["post-85","page","type-page","status-publish","has-post-thumbnail","hentry","has_thumb"],"jetpack_sharing_enabled":true,"_links":{"self":[{"href":"https:\/\/overnet.hu\/index.php?rest_route=\/wp\/v2\/pages\/85","targetHints":{"allow":["GET"]}}],"collection":[{"href":"https:\/\/overnet.hu\/index.php?rest_route=\/wp\/v2\/pages"}],"about":[{"href":"https:\/\/overnet.hu\/index.php?rest_route=\/wp\/v2\/types\/page"}],"author":[{"embeddable":true,"href":"https:\/\/overnet.hu\/index.php?rest_route=\/wp\/v2\/users\/2"}],"replies":[{"embeddable":true,"href":"https:\/\/overnet.hu\/index.php?rest_route=%2Fwp%2Fv2%2Fcomments&post=85"}],"version-history":[{"count":113,"href":"https:\/\/overnet.hu\/index.php?rest_route=\/wp\/v2\/pages\/85\/revisions"}],"predecessor-version":[{"id":2471,"href":"https:\/\/overnet.hu\/index.php?rest_route=\/wp\/v2\/pages\/85\/revisions\/2471"}],"wp:featuredmedia":[{"embeddable":true,"href":"https:\/\/overnet.hu\/index.php?rest_route=\/wp\/v2\/media\/1079"}],"wp:attachment":[{"href":"https:\/\/overnet.hu\/index.php?rest_route=%2Fwp%2Fv2%2Fmedia&parent=85"}],"curies":[{"name":"wp","href":"https:\/\/api.w.org\/{rel}","templated":true}]}}