{"id":261,"date":"2015-01-21T14:26:19","date_gmt":"2015-01-21T13:26:19","guid":{"rendered":"http:\/\/overnet.hu\/?page_id=261"},"modified":"2015-01-21T15:09:16","modified_gmt":"2015-01-21T14:09:16","slug":"korosnagyharsany","status":"publish","type":"page","link":"https:\/\/overnet.hu\/?page_id=261","title":{"rendered":"K\u00f6r\u00f6snagyhars\u00e1ny"},"content":{"rendered":"<p><em><strong>K\u00f6r\u00f6snagyhars\u00e1ny ter\u00fclet\u00e9n bek\u00f6thet\u0151 utc\u00e1k list\u00e1ja<\/strong><\/em><\/p>\n<table width=\"328\">\n<tbody>\n<tr>\n<td width=\"168\"><\/td>\n<td width=\"77\"><\/td>\n<td width=\"83\"><\/td>\n<\/tr>\n<tr>\n<td><strong>Utcan\u00e9v<\/strong><\/td>\n<td style=\"text-align: center;\"><strong>-t\u00f3l<\/strong><\/td>\n<td><strong>-ig<\/strong><\/td>\n<\/tr>\n<tr>\n<td>Arany<\/td>\n<td>v\u00e9gig<\/td>\n<td><\/td>\n<\/tr>\n<tr>\n<td>D\u00f3zsa<\/td>\n<td>Kossuth t\u00e9r<\/td>\n<td>R\u00e1k\u00f3czi<\/td>\n<\/tr>\n<tr>\n<td>Klapka<\/td>\n<td>R\u00e1k\u00f3czi<\/td>\n<td>Arany<\/td>\n<\/tr>\n<tr>\n<td>Kossuth t\u00e9r<\/td>\n<td style=\"text-align: left;\">v\u00e9gig<\/td>\n<td><\/td>\n<\/tr>\n<tr>\n<td>Kossuth utca<\/td>\n<td>Arany<\/td>\n<td>V\u00e1radi<\/td>\n<\/tr>\n<tr>\n<td>Pet\u0151fi<\/td>\n<td>v\u00e9gig<\/td>\n<td><\/td>\n<\/tr>\n<tr>\n<td>R\u00e1k\u00f3czi<\/td>\n<td>v\u00e9gig<\/td>\n<td><\/td>\n<\/tr>\n<tr>\n<td>V\u00e1radi<\/td>\n<td>1. sz\u00e1m<\/td>\n<td>Pet\u0151fi<\/td>\n<\/tr>\n<\/tbody>\n<\/table>\n","protected":false},"excerpt":{"rendered":"<p>K\u00f6r\u00f6snagyhars\u00e1ny ter\u00fclet\u00e9n bek\u00f6thet\u0151 utc\u00e1k list\u00e1ja Utcan\u00e9v -t\u00f3l -ig Arany v\u00e9gig D\u00f3zsa Kossuth t\u00e9r R\u00e1k\u00f3czi Klapka R\u00e1k\u00f3czi Arany Kossuth t\u00e9r v\u00e9gig Kossuth utca Arany V\u00e1radi Pet\u0151fi v\u00e9gig R\u00e1k\u00f3czi v\u00e9gig V\u00e1radi 1. [&hellip;]<\/p>\n","protected":false},"author":2,"featured_media":0,"parent":2,"menu_order":0,"comment_status":"closed","ping_status":"closed","template":"","meta":{"footnotes":""},"class_list":["post-261","page","type-page","status-publish","hentry","has_no_thumb"],"jetpack_sharing_enabled":true,"_links":{"self":[{"href":"https:\/\/overnet.hu\/index.php?rest_route=\/wp\/v2\/pages\/261","targetHints":{"allow":["GET"]}}],"collection":[{"href":"https:\/\/overnet.hu\/index.php?rest_route=\/wp\/v2\/pages"}],"about":[{"href":"https:\/\/overnet.hu\/index.php?rest_route=\/wp\/v2\/types\/page"}],"author":[{"embeddable":true,"href":"https:\/\/overnet.hu\/index.php?rest_route=\/wp\/v2\/users\/2"}],"replies":[{"embeddable":true,"href":"https:\/\/overnet.hu\/index.php?rest_route=%2Fwp%2Fv2%2Fcomments&post=261"}],"version-history":[{"count":3,"href":"https:\/\/overnet.hu\/index.php?rest_route=\/wp\/v2\/pages\/261\/revisions"}],"predecessor-version":[{"id":274,"href":"https:\/\/overnet.hu\/index.php?rest_route=\/wp\/v2\/pages\/261\/revisions\/274"}],"up":[{"embeddable":true,"href":"https:\/\/overnet.hu\/index.php?rest_route=\/wp\/v2\/pages\/2"}],"wp:attachment":[{"href":"https:\/\/overnet.hu\/index.php?rest_route=%2Fwp%2Fv2%2Fmedia&parent=261"}],"curies":[{"name":"wp","href":"https:\/\/api.w.org\/{rel}","templated":true}]}}