{"id":256,"date":"2015-01-21T14:21:55","date_gmt":"2015-01-21T13:21:55","guid":{"rendered":"http:\/\/overnet.hu\/?page_id=256"},"modified":"2015-01-21T15:00:25","modified_gmt":"2015-01-21T14:00:25","slug":"biharugra","status":"publish","type":"page","link":"https:\/\/overnet.hu\/?page_id=256","title":{"rendered":"Biharugra"},"content":{"rendered":"<p><strong><em>Biharugra ter\u00fclet\u00e9n a bek\u00f6thet\u0151 utc\u00e1k list\u00e1ja<\/em><\/strong><\/p>\n<table width=\"243\">\n<tbody>\n<tr>\n<td width=\"128\"><\/td>\n<td width=\"115\"><\/td>\n<\/tr>\n<tr>\n<td><strong>Utcan\u00e9v<\/strong><\/td>\n<td><strong>-t\u00f3l \u00a0 -ig<\/strong><\/td>\n<\/tr>\n<tr>\n<td>Ady<\/td>\n<td>v\u00e9gig<\/td>\n<\/tr>\n<tr>\n<td>Alkotm\u00e1ny<\/td>\n<td>v\u00e9gig<\/td>\n<\/tr>\n<tr>\n<td>B\u00f6l\u00f6nyi<\/td>\n<td>v\u00e9gig<\/td>\n<\/tr>\n<tr>\n<td>Damjanich t\u00e9r<\/td>\n<td>v\u00e9gig<\/td>\n<\/tr>\n<tr>\n<td>Erzs\u00e9bet<\/td>\n<td>v\u00e9gig<\/td>\n<\/tr>\n<tr>\n<td>J\u00f3kai<\/td>\n<td>v\u00e9gig<\/td>\n<\/tr>\n<tr>\n<td>Kiss Ern\u0151<\/td>\n<td>v\u00e9gig<\/td>\n<\/tr>\n<tr>\n<td>Kossuth<\/td>\n<td>v\u00e9gig<\/td>\n<\/tr>\n<tr>\n<td>Pet\u0151fi<\/td>\n<td>v\u00e9gig<\/td>\n<\/tr>\n<tr>\n<td>R\u00e1k\u00f3czi<\/td>\n<td>v\u00e9gig<\/td>\n<\/tr>\n<tr>\n<td>Szab\u00f3 P\u00e1l<\/td>\n<td>v\u00e9gig<\/td>\n<\/tr>\n<tr>\n<td>T\u00e1ncsics<\/td>\n<td>v\u00e9gig<\/td>\n<\/tr>\n<tr>\n<td>V\u00f6r\u00f6smarty<\/td>\n<td>v\u00e9gig<\/td>\n<\/tr>\n<tr>\n<td>Z\u00f6ldfa<\/td>\n<td>v\u00e9gig<\/td>\n<\/tr>\n<\/tbody>\n<\/table>\n","protected":false},"excerpt":{"rendered":"<p>Biharugra ter\u00fclet\u00e9n a bek\u00f6thet\u0151 utc\u00e1k list\u00e1ja Utcan\u00e9v -t\u00f3l \u00a0 -ig Ady v\u00e9gig Alkotm\u00e1ny v\u00e9gig B\u00f6l\u00f6nyi v\u00e9gig Damjanich t\u00e9r v\u00e9gig Erzs\u00e9bet v\u00e9gig J\u00f3kai v\u00e9gig Kiss Ern\u0151 v\u00e9gig Kossuth v\u00e9gig Pet\u0151fi v\u00e9gig [&hellip;]<\/p>\n","protected":false},"author":2,"featured_media":0,"parent":2,"menu_order":0,"comment_status":"closed","ping_status":"closed","template":"","meta":{"footnotes":""},"class_list":["post-256","page","type-page","status-publish","hentry","has_no_thumb"],"jetpack_sharing_enabled":true,"_links":{"self":[{"href":"https:\/\/overnet.hu\/index.php?rest_route=\/wp\/v2\/pages\/256","targetHints":{"allow":["GET"]}}],"collection":[{"href":"https:\/\/overnet.hu\/index.php?rest_route=\/wp\/v2\/pages"}],"about":[{"href":"https:\/\/overnet.hu\/index.php?rest_route=\/wp\/v2\/types\/page"}],"author":[{"embeddable":true,"href":"https:\/\/overnet.hu\/index.php?rest_route=\/wp\/v2\/users\/2"}],"replies":[{"embeddable":true,"href":"https:\/\/overnet.hu\/index.php?rest_route=%2Fwp%2Fv2%2Fcomments&post=256"}],"version-history":[{"count":5,"href":"https:\/\/overnet.hu\/index.php?rest_route=\/wp\/v2\/pages\/256\/revisions"}],"predecessor-version":[{"id":273,"href":"https:\/\/overnet.hu\/index.php?rest_route=\/wp\/v2\/pages\/256\/revisions\/273"}],"up":[{"embeddable":true,"href":"https:\/\/overnet.hu\/index.php?rest_route=\/wp\/v2\/pages\/2"}],"wp:attachment":[{"href":"https:\/\/overnet.hu\/index.php?rest_route=%2Fwp%2Fv2%2Fmedia&parent=256"}],"curies":[{"name":"wp","href":"https:\/\/api.w.org\/{rel}","templated":true}]}}