{"id":244,"date":"2015-01-16T14:17:06","date_gmt":"2015-01-16T13:17:06","guid":{"rendered":"http:\/\/overnet.hu\/?page_id=244"},"modified":"2015-01-16T14:27:38","modified_gmt":"2015-01-16T13:27:38","slug":"okany","status":"publish","type":"page","link":"https:\/\/overnet.hu\/?page_id=244","title":{"rendered":"Ok\u00e1ny"},"content":{"rendered":"<p><strong>Ok\u00e1ny ter\u00fclet\u00e9n a bek\u00f6thet\u0151 utc\u00e1k list\u00e1ja<\/strong><\/p>\n<table>\n<tbody>\n<tr>\n<td width=\"75\"><strong><em>Utcan\u00e9v<\/em><\/strong><\/td>\n<td colspan=\"2\" width=\"215\"><strong><em>H\u00e1zsz\u00e1m (t\u00f3l-ig) vagy utc\u00e1t\u00f3l-utc\u00e1ig<\/em><\/strong><\/td>\n<\/tr>\n<\/tbody>\n<\/table>\n<table style=\"height: 190px;\" width=\"316\">\n<tbody>\n<tr>\n<td width=\"119\">V\u00e9szt\u0151i<\/td>\n<td colspan=\"2\" width=\"171\">v\u00e9gig<\/td>\n<\/tr>\n<tr>\n<td width=\"119\">Vas\u00fat<\/td>\n<td width=\"88\">V\u00e9szt\u0151i<\/td>\n<td width=\"83\">Kossuth<\/td>\n<\/tr>\n<tr>\n<td width=\"119\">Kossuth<\/td>\n<td width=\"88\">Vas\u00fat<\/td>\n<td width=\"83\">Hunyadi<\/td>\n<\/tr>\n<tr>\n<td width=\"119\">Hunyadi<\/td>\n<td colspan=\"2\" width=\"171\">v\u00e9gig<\/td>\n<\/tr>\n<\/tbody>\n<\/table>\n","protected":false},"excerpt":{"rendered":"<p>Ok\u00e1ny ter\u00fclet\u00e9n a bek\u00f6thet\u0151 utc\u00e1k list\u00e1ja Utcan\u00e9v H\u00e1zsz\u00e1m (t\u00f3l-ig) vagy utc\u00e1t\u00f3l-utc\u00e1ig V\u00e9szt\u0151i v\u00e9gig Vas\u00fat V\u00e9szt\u0151i Kossuth Kossuth Vas\u00fat Hunyadi Hunyadi v\u00e9gig<\/p>\n","protected":false},"author":2,"featured_media":0,"parent":2,"menu_order":0,"comment_status":"closed","ping_status":"closed","template":"","meta":{"footnotes":""},"class_list":["post-244","page","type-page","status-publish","hentry","has_no_thumb"],"jetpack_sharing_enabled":true,"_links":{"self":[{"href":"https:\/\/overnet.hu\/index.php?rest_route=\/wp\/v2\/pages\/244","targetHints":{"allow":["GET"]}}],"collection":[{"href":"https:\/\/overnet.hu\/index.php?rest_route=\/wp\/v2\/pages"}],"about":[{"href":"https:\/\/overnet.hu\/index.php?rest_route=\/wp\/v2\/types\/page"}],"author":[{"embeddable":true,"href":"https:\/\/overnet.hu\/index.php?rest_route=\/wp\/v2\/users\/2"}],"replies":[{"embeddable":true,"href":"https:\/\/overnet.hu\/index.php?rest_route=%2Fwp%2Fv2%2Fcomments&post=244"}],"version-history":[{"count":6,"href":"https:\/\/overnet.hu\/index.php?rest_route=\/wp\/v2\/pages\/244\/revisions"}],"predecessor-version":[{"id":250,"href":"https:\/\/overnet.hu\/index.php?rest_route=\/wp\/v2\/pages\/244\/revisions\/250"}],"up":[{"embeddable":true,"href":"https:\/\/overnet.hu\/index.php?rest_route=\/wp\/v2\/pages\/2"}],"wp:attachment":[{"href":"https:\/\/overnet.hu\/index.php?rest_route=%2Fwp%2Fv2%2Fmedia&parent=244"}],"curies":[{"name":"wp","href":"https:\/\/api.w.org\/{rel}","templated":true}]}}