{"id":240,"date":"2015-01-16T14:10:33","date_gmt":"2015-01-16T13:10:33","guid":{"rendered":"http:\/\/overnet.hu\/?page_id=240"},"modified":"2015-01-16T14:10:33","modified_gmt":"2015-01-16T13:10:33","slug":"veszto","status":"publish","type":"page","link":"https:\/\/overnet.hu\/?page_id=240","title":{"rendered":"V\u00e9szt\u0151"},"content":{"rendered":"<table style=\"height: 472px;\" width=\"357\">\n<tbody>\n<tr>\n<td colspan=\"3\" width=\"289\"><strong>V\u00e9szt\u0151 ter\u00fclet\u00e9n bek\u00f6thet\u0151 utc\u00e1k list\u00e1ja<br \/>\n<\/strong><\/td>\n<\/tr>\n<tr>\n<td width=\"119\"><strong>Utcan\u00e9v<\/strong><\/td>\n<td width=\"88\"><strong>-t\u00f3l<\/strong><\/td>\n<td width=\"83\"><strong>-ig<\/strong><\/td>\n<\/tr>\n<tr>\n<td width=\"119\">B\u00e9k\u00e9si<\/td>\n<td colspan=\"2\" width=\"171\">v\u00e9gig<\/td>\n<\/tr>\n<tr>\n<td width=\"119\">Ok\u00e1nyi<\/td>\n<td colspan=\"2\" width=\"171\">v\u00e9gig<\/td>\n<\/tr>\n<tr>\n<td width=\"119\">J\u00f3zsef Attila<\/td>\n<td colspan=\"2\" width=\"171\">v\u00e9gig<\/td>\n<\/tr>\n<tr>\n<td width=\"119\">Bezer\u00e9di<\/td>\n<td width=\"88\">J\u00f3zsef Attila<\/td>\n<td width=\"83\">Kinizsi<\/td>\n<\/tr>\n<tr>\n<td width=\"119\">Kinizsi<\/td>\n<td width=\"88\">Bezer\u00e9di<\/td>\n<td width=\"83\">Batthy\u00e1ny<\/td>\n<\/tr>\n<tr>\n<td width=\"119\">Batthy\u00e1ny<\/td>\n<td width=\"88\">Kinizsi<\/td>\n<td width=\"83\">Wessel\u00e9nyi<\/td>\n<\/tr>\n<tr>\n<td width=\"119\">Wessel\u00e9nyi<\/td>\n<td width=\"88\">Batthy\u00e1ny<\/td>\n<td width=\"83\">Kossuth<\/td>\n<\/tr>\n<tr>\n<td width=\"119\">Kossuth<\/td>\n<td width=\"88\">Wessel\u00e9nyi<\/td>\n<td width=\"83\">R\u00e1k\u00f3czi<\/td>\n<\/tr>\n<\/tbody>\n<\/table>\n","protected":false},"excerpt":{"rendered":"<p>V\u00e9szt\u0151 ter\u00fclet\u00e9n bek\u00f6thet\u0151 utc\u00e1k list\u00e1ja Utcan\u00e9v -t\u00f3l -ig B\u00e9k\u00e9si v\u00e9gig Ok\u00e1nyi v\u00e9gig J\u00f3zsef Attila v\u00e9gig Bezer\u00e9di J\u00f3zsef Attila Kinizsi Kinizsi Bezer\u00e9di Batthy\u00e1ny Batthy\u00e1ny Kinizsi Wessel\u00e9nyi Wessel\u00e9nyi Batthy\u00e1ny Kossuth Kossuth Wessel\u00e9nyi [&hellip;]<\/p>\n","protected":false},"author":2,"featured_media":0,"parent":2,"menu_order":0,"comment_status":"closed","ping_status":"closed","template":"","meta":{"footnotes":""},"class_list":["post-240","page","type-page","status-publish","hentry","has_no_thumb"],"jetpack_sharing_enabled":true,"_links":{"self":[{"href":"https:\/\/overnet.hu\/index.php?rest_route=\/wp\/v2\/pages\/240","targetHints":{"allow":["GET"]}}],"collection":[{"href":"https:\/\/overnet.hu\/index.php?rest_route=\/wp\/v2\/pages"}],"about":[{"href":"https:\/\/overnet.hu\/index.php?rest_route=\/wp\/v2\/types\/page"}],"author":[{"embeddable":true,"href":"https:\/\/overnet.hu\/index.php?rest_route=\/wp\/v2\/users\/2"}],"replies":[{"embeddable":true,"href":"https:\/\/overnet.hu\/index.php?rest_route=%2Fwp%2Fv2%2Fcomments&post=240"}],"version-history":[{"count":1,"href":"https:\/\/overnet.hu\/index.php?rest_route=\/wp\/v2\/pages\/240\/revisions"}],"predecessor-version":[{"id":241,"href":"https:\/\/overnet.hu\/index.php?rest_route=\/wp\/v2\/pages\/240\/revisions\/241"}],"up":[{"embeddable":true,"href":"https:\/\/overnet.hu\/index.php?rest_route=\/wp\/v2\/pages\/2"}],"wp:attachment":[{"href":"https:\/\/overnet.hu\/index.php?rest_route=%2Fwp%2Fv2%2Fmedia&parent=240"}],"curies":[{"name":"wp","href":"https:\/\/api.w.org\/{rel}","templated":true}]}}