{"id":24,"date":"2016-01-06T14:02:00","date_gmt":"2016-01-06T13:02:00","guid":{"rendered":"http:\/\/overnet.hu\/?page_id=24"},"modified":"2026-03-31T14:11:05","modified_gmt":"2026-03-31T13:11:05","slug":"bongeszes-fenysebesseggel","status":"publish","type":"page","link":"https:\/\/overnet.hu\/","title":{"rendered":"INTERNET"},"content":{"rendered":"\n<p><\/p>\n\n\n\n<p class=\"has-text-color has-link-color has-medium-font-size wp-elements-68b21b2f1711ba179cb06efcbf53260a\" style=\"color:#279c71\"><\/p>\n\n\n\n<p class=\"has-medium-font-size\"><strong>B\u00f6ng\u00e9sz\u00e9s f\u00e9nysebess\u00e9ggel<\/strong><\/p>\n\n\n\n<p class=\"has-text-color has-link-color has-medium-font-size wp-elements-98245c1061077a3f346a39d19edf15f0\" style=\"color:#0f9061;text-transform:uppercase\"><strong>INTERNET szolg\u00e1ltat\u00e1s GIGABITES optikai k\u00e1belen<\/strong><\/p>\n\n\n\n<p><\/p>\n\n\n\n<p class=\"has-text-color has-link-color has-medium-font-size wp-elements-44d7b4b4f286d9b08a2959ff11b2f620\" style=\"color:#b62929;font-style:normal;font-weight:700;text-transform:uppercase\">&nbsp;<strong>Korl\u00e1tlan InterNet <\/strong><\/p>\n\n\n\n<figure class=\"wp-block-image size-large\"><a href=\"https:\/\/overnet.hu\/wp-content\/uploads\/2026\/03\/Tavaszi-a4-scaled.jpg\"><img loading=\"lazy\" decoding=\"async\" width=\"1024\" height=\"724\" src=\"https:\/\/overnet.hu\/wp-content\/uploads\/2026\/03\/Tavaszi-a4-1024x724.jpg\" alt=\"\" class=\"wp-image-2429\" srcset=\"https:\/\/overnet.hu\/wp-content\/uploads\/2026\/03\/Tavaszi-a4-1024x724.jpg 1024w, https:\/\/overnet.hu\/wp-content\/uploads\/2026\/03\/Tavaszi-a4-300x212.jpg 300w, https:\/\/overnet.hu\/wp-content\/uploads\/2026\/03\/Tavaszi-a4-768x543.jpg 768w, https:\/\/overnet.hu\/wp-content\/uploads\/2026\/03\/Tavaszi-a4-1536x1086.jpg 1536w, https:\/\/overnet.hu\/wp-content\/uploads\/2026\/03\/Tavaszi-a4-2048x1448.jpg 2048w\" sizes=\"auto, (max-width: 1024px) 100vw, 1024px\" \/><\/a><\/figure>\n\n\n\n<p class=\"has-text-color has-link-color has-medium-font-size wp-elements-80901df253fe1900fdb33bb26fbf2cd6\" style=\"color:#106e4c;font-style:normal;font-weight:800\"><strong>2026.04.01-t\u0151l \u00faj el\u0151fizet\u0151knek ak\u00e1r 6.150 Ft \/ h\u00f3 <\/strong><\/p>\n\n\n\n<p><\/p>\n\n\n\n<p class=\"has-text-color has-link-color has-medium-font-size wp-elements-7b630b3695b1190e612da3ea4bdd0332\" style=\"color:#098457;font-style:normal;font-weight:700\"><strong>Megrendel\u00e9s: 06-66-200-207 \/ 1<\/strong><\/p>\n\n\n\n<div class=\"wp-block-media-text alignwide is-stacked-on-mobile has-black-color has-text-color\" style=\"grid-template-columns:27% auto\"><figure class=\"wp-block-media-text__media\"><a href=\"https:\/\/overnet.hu\/wp-content\/uploads\/2022\/02\/ATT000041.jpg\"><img loading=\"lazy\" decoding=\"async\" width=\"300\" height=\"212\" src=\"https:\/\/overnet.hu\/wp-content\/uploads\/2022\/02\/ATT000041-300x212.jpg\" alt=\"\" class=\"wp-image-1079 size-medium\" srcset=\"https:\/\/overnet.hu\/wp-content\/uploads\/2022\/02\/ATT000041-300x212.jpg 300w, https:\/\/overnet.hu\/wp-content\/uploads\/2022\/02\/ATT000041-1024x724.jpg 1024w, https:\/\/overnet.hu\/wp-content\/uploads\/2022\/02\/ATT000041-768x543.jpg 768w, https:\/\/overnet.hu\/wp-content\/uploads\/2022\/02\/ATT000041.jpg 1191w\" sizes=\"auto, (max-width: 300px) 100vw, 300px\" \/><\/a><\/figure><div class=\"wp-block-media-text__content\">\n<p class=\"has-medium-font-size\">Mez\u0151ber\u00e9nyi v\u00e1llalkoz\u00e1s a B\u00e9k\u00e9s megyei lakosok\u00e9rt<\/p>\n\n\n\n<p class=\"has-text-align-left has-medium-font-size\"><strong>Stabil, nagy s\u00e1vsz\u00e9less\u00e9g\u0171 INTERNET szolg\u00e1ltat\u00e1s optikai k\u00e1belen <\/strong><\/p>\n<\/div><\/div>\n\n\n\n<p class=\"has-black-color has-text-color has-link-color has-medium-font-size wp-elements-9ea9de3557edab6b4469dff93e6affdc\"><\/p>\n\n\n\n<p><\/p>\n\n\n\n<p><\/p>\n\n\n\n<p class=\"has-vivid-red-color has-text-color has-medium-font-size\"><strong>A szolg\u00e1ltat\u00e1sunk ig\u00e9nybev\u00e9tel\u00e9vel el\u00e9rhet\u0151 j\u00f3 min\u0151s\u00e9g\u0171 <\/strong>internetes TV szolg\u00e1ltat\u00e1s<\/p>\n\n\n\n<p><\/p>\n\n\n\n<p>K\u00f6zvetlen\u00fcl az interneten kereszt\u00fcl v\u00e1laszthatja ki az \u00d6nt \u00e9rdekl\u0151 Tv csatorn\u00e1kat:<\/p>\n\n\n\n<div class=\"wp-block-columns is-layout-flex wp-container-core-columns-is-layout-9d6595d7 wp-block-columns-is-layout-flex\">\n<div class=\"wp-block-column is-layout-flow wp-block-column-is-layout-flow\" style=\"flex-basis:100%\">\n<ul class=\"wp-block-list\">\n<li><strong>Javasoljuk n\u00e9zz\u00e9k meg<\/strong>:<\/li>\n\n\n\n<li>a <a href=\"https:\/\/sweet.tv\/\" target=\"_blank\" rel=\"noreferrer noopener\"><strong>Sweet.tv<\/strong><\/a> szolg\u00e1ltat\u00e1s\u00e1t<strong><mark style=\"background-color:rgba(0, 0, 0, 0)\" class=\"has-inline-color has-vivid-red-color\"><\/mark><\/strong>amit a <strong><mark style=\"background-color:rgba(0, 0, 0, 0)\" class=\"has-inline-color has-vivid-red-color\">Mez\u0151ber\u00e9nyi irod\u00e1nkban ki is pr\u00f3b\u00e1lhatnak<\/mark><\/strong> ( <strong>4 eszk\u00f6z\u00f6n<\/strong> h\u0171s\u00e9gid\u0151 n\u00e9lk\u00fcl M d\u00edjcsomag (<strong>138 TV csatorna 3.900 Ft<\/strong>), L d\u00edjcsomag (155 TV Csatorna 4.900 Ft), bizonyos csatorn\u00e1kon 7 napig visszan\u00e9zhet\u0151 m\u0171sorok, Eurosport1 \u00e9s 2 csatorn\u00e1val<\/li>\n\n\n\n<li>a <strong><a href=\"https:\/\/www.directone.hu\/online-tv\/\" target=\"_blank\" rel=\"noreferrer noopener\">Canal-plus online TV<\/a><\/strong> szolg\u00e1ltat\u00e1s\u00e1t, amit a <strong><mark style=\"background-color:rgba(0, 0, 0, 0)\" class=\"has-inline-color has-vivid-red-color\">Mez\u0151ber\u00e9nyi irod\u00e1nkban ki is pr\u00f3b\u00e1lhatnak<\/mark><\/strong> ( Canal + Now 4.990 Ft \/ 73 Online Tv csatorna, Canal Plus Now Extra 6.490 Ft\/h\u00f3 93 online Tv csatorna, 12 havi h\u0171s\u00e9gid\u0151vel, egyszerre t\u00f6bb (2) eszk\u00f6z\u00f6n n\u00e9zhet\u0151.<\/li>\n\n\n\n<li>a <a rel=\"noreferrer noopener\" href=\"http:\/\/www.disneyplus.com\" target=\"_blank\"><strong>Disney+<\/strong><\/a> szolg\u00e1ltat\u00e1s\u00e1t, amit a <strong><mark style=\"background-color:rgba(0, 0, 0, 0)\" class=\"has-inline-color has-vivid-red-color\">Mez\u0151ber\u00e9nyi irod\u00e1nkban ki is pr\u00f3b\u00e1lhatnak<\/mark><\/strong> (Filmek 24.900 Ft\/\u00e9v)<\/li>\n\n\n\n<li><a rel=\"noreferrer noopener\" href=\"https:\/\/www.skyshowtime.com\" data-type=\"URL\" data-id=\"https:\/\/www.skyshowtime.com\" target=\"_blank\"><strong>Skyshowtim<\/strong><\/a><strong><a href=\"https:\/\/www.skyshowtime.com\" data-type=\"URL\" data-id=\"https:\/\/www.skyshowtime.com\">e<\/a> <\/strong>szolg\u00e1ltat\u00e1s\u00e1t (Filmek 1.999 Ft \/ h\u00f3)<\/li>\n\n\n\n<li>az <a rel=\"noreferrer noopener\" href=\"https:\/\/www.hbomax.com\/hu\/hu?fbclid=IwAR0wIAykBgIZoaKgwoNC9uWJ1VyixqzgF3TwwFXuqTSgM4ibUggj8hOXZvU\" target=\"_blank\"><strong>HBO Max<\/strong><\/a> szolg\u00e1ltat\u00e1s\u00e1t,<\/li>\n\n\n\n<li>az <a rel=\"noreferrer noopener\" href=\"https:\/\/ittott.tv\/\" data-type=\"URL\" data-id=\"https:\/\/ittott.tv\/\" target=\"_blank\"><strong>IttOtt.TV<\/strong><\/a> szolg\u00e1ltat\u00e1s\u00e1t,<\/li>\n\n\n\n<li>vagy a <strong><a href=\"https:\/\/www.yettel.hu\/tv\" target=\"_blank\" rel=\"noreferrer noopener\">Yettel TV<\/a><\/strong> szolg\u00e1ltat\u00e1s\u00e1t!<\/li>\n<\/ul>\n<\/div>\n<\/div>\n\n\n\n<p><\/p>\n\n\n\n<p class=\"has-black-color has-text-color has-link-color has-medium-font-size wp-elements-f2bcc246a2e3fb7c1dba087dc2bd5243\"><strong>N\u00e9zzen TV-t okos t\u00e9v\u00e9n az interneten! <\/strong><\/p>\n\n\n\n<p class=\"has-black-color has-text-color has-link-color has-medium-font-size wp-elements-9ea9de3557edab6b4469dff93e6affdc\"><\/p>\n\n\n\n<p>A t\u00e1j\u00e9koztat\u00e1s nem teljes k\u00f6r\u0171, tov\u00e1bbi inform\u00e1ci\u00f3k\u00e9rt keresse \u00fcgyf\u00e9lszolg\u00e1latunkat:<\/p>\n\n\n\n<h3 class=\"wp-block-heading has-text-align-center\"><strong>Mez\u0151ber\u00e9ny, Fortuna t\u00e9r 10<\/strong><\/h3>\n\n\n\n<h3 class=\"wp-block-heading has-text-align-center\"><strong>Telefon: 20 \/ 9 795-795<\/strong><\/h3>\n\n\n\n<p><strong><br \/><\/strong>&nbsp;<\/p>\n\n\n\n<figure class=\"wp-block-table is-style-regular\"><table><tbody><tr><td>\n<h4><strong>Szolg\u00e1ltat\u00e1si ter\u00fclet\u00fcnk\u00f6n az Ftth &#8211; magyarul &#8222;Optik\u00e1val eg\u00e9szen az otthonig&#8221; &#8211; h\u00e1l\u00f3zat ker\u00fclt ki\u00e9p\u00edt\u00e9sre.<\/strong><\/h4>\n<p>&nbsp;<\/p>\n<\/td><td>&nbsp;<\/td><\/tr><tr><td>\u00cdgy t\u00e9nylegesen minden bek\u00f6t\u00f6tt h\u00e1ztart\u00e1shoz saj\u00e1t, &#8222;k\u00fcl\u00f6nbej\u00e1rat\u00fa&#8221; optikai sz\u00e1l van kiosztva, amely \u00f6sszekapcsolja a lak\u00e1st az optikai h\u00e1l\u00f3zatunk k\u00f6zpontj\u00e1val, \u00e9s ezen kereszt\u00fcl a vil\u00e1ggal.<\/td><td>&nbsp;<\/td><\/tr><\/tbody><\/table><\/figure>\n\n\n\n<h2 class=\"wp-block-heading\"><strong>N\u00e1lunk vill\u00e1mgyors az Internet!&nbsp; <\/strong><a title=\"AKCI\u00d3\" href=\"http:\/\/overnet.hu\/?page_id=85\"><strong>Akci\u00f3!<\/strong><\/a><\/h2>\n\n\n\n<p class=\"has-medium-font-size\"><a href=\"https:\/\/overnet.hu\/wp-content\/uploads\/2026\/03\/Dijkorrekcio-2026.05.pdf\" data-type=\"attachment\" data-id=\"2466\">T\u00e1j\u00e9koztat\u00e1s a d\u00edjkorrekci\u00f3r\u00f3l<\/a><\/p>\n\n\n\n<p class=\"has-vivid-red-color has-text-color has-medium-font-size\"><strong><a href=\"https:\/\/overnet.hu\/?page_id=1356\" data-type=\"URL\" data-id=\"https:\/\/overnet.hu\/?page_id=1356\" target=\"_blank\" rel=\"noreferrer noopener\">Munkalehet\u0151s\u00e9g<\/a><\/strong><\/p>\n\n\n\n<p><\/p>\n","protected":false},"excerpt":{"rendered":"<p>B\u00f6ng\u00e9sz\u00e9s f\u00e9nysebess\u00e9ggel INTERNET szolg\u00e1ltat\u00e1s GIGABITES optikai k\u00e1belen &nbsp;Korl\u00e1tlan InterNet 2026.04.01-t\u0151l \u00faj el\u0151fizet\u0151knek ak\u00e1r 6.150 Ft \/ h\u00f3 Megrendel\u00e9s: 06-66-200-207 \/ 1 Mez\u0151ber\u00e9nyi v\u00e1llalkoz\u00e1s a B\u00e9k\u00e9s megyei lakosok\u00e9rt Stabil, nagy s\u00e1vsz\u00e9less\u00e9g\u0171 [&hellip;]<\/p>\n","protected":false},"author":1,"featured_media":1079,"parent":0,"menu_order":0,"comment_status":"closed","ping_status":"closed","template":"","meta":{"footnotes":""},"class_list":["post-24","page","type-page","status-publish","has-post-thumbnail","hentry","has_thumb"],"jetpack_sharing_enabled":true,"_links":{"self":[{"href":"https:\/\/overnet.hu\/index.php?rest_route=\/wp\/v2\/pages\/24","targetHints":{"allow":["GET"]}}],"collection":[{"href":"https:\/\/overnet.hu\/index.php?rest_route=\/wp\/v2\/pages"}],"about":[{"href":"https:\/\/overnet.hu\/index.php?rest_route=\/wp\/v2\/types\/page"}],"author":[{"embeddable":true,"href":"https:\/\/overnet.hu\/index.php?rest_route=\/wp\/v2\/users\/1"}],"replies":[{"embeddable":true,"href":"https:\/\/overnet.hu\/index.php?rest_route=%2Fwp%2Fv2%2Fcomments&post=24"}],"version-history":[{"count":291,"href":"https:\/\/overnet.hu\/index.php?rest_route=\/wp\/v2\/pages\/24\/revisions"}],"predecessor-version":[{"id":2486,"href":"https:\/\/overnet.hu\/index.php?rest_route=\/wp\/v2\/pages\/24\/revisions\/2486"}],"wp:featuredmedia":[{"embeddable":true,"href":"https:\/\/overnet.hu\/index.php?rest_route=\/wp\/v2\/media\/1079"}],"wp:attachment":[{"href":"https:\/\/overnet.hu\/index.php?rest_route=%2Fwp%2Fv2%2Fmedia&parent=24"}],"curies":[{"name":"wp","href":"https:\/\/api.w.org\/{rel}","templated":true}]}}