{"id":238,"date":"2015-01-16T14:00:26","date_gmt":"2015-01-16T13:00:26","guid":{"rendered":"http:\/\/overnet.hu\/?page_id=238"},"modified":"2015-01-16T14:00:26","modified_gmt":"2015-01-16T13:00:26","slug":"korostarcsa","status":"publish","type":"page","link":"https:\/\/overnet.hu\/?page_id=238","title":{"rendered":"K\u00f6r\u00f6starcsa"},"content":{"rendered":"<table style=\"height: 654px;\" width=\"392\">\n<tbody>\n<tr>\n<td colspan=\"2\" width=\"599\"><strong><em>K\u00f6r\u00f6starcsa ter\u00fclet\u00e9n a bek\u00f6thet\u0151 utc\u00e1k list\u00e1ja<br \/>\n<\/em><\/strong><\/td>\n<\/tr>\n<tr>\n<td colspan=\"2\" width=\"599\"><strong><em>\u00a0<\/em><\/strong><\/td>\n<\/tr>\n<tr>\n<td width=\"150\"><strong><em>Utcan\u00e9v<\/em><\/strong><\/td>\n<td width=\"448\"><strong><em>H\u00e1zsz\u00e1m (t\u00f3l-ig) vagy utc\u00e1t\u00f3l-utc\u00e1ig<\/em><\/strong><\/td>\n<\/tr>\n<tr>\n<td width=\"150\"><em>Ber\u00e9nyi<\/em><\/td>\n<td width=\"448\"><em>16-22<\/em><\/td>\n<\/tr>\n<tr>\n<td width=\"150\"><em>Sz\u00e9ch\u00e9nyi<\/em><\/td>\n<td width=\"448\"><em>30-110, 19-97<\/em><\/td>\n<\/tr>\n<tr>\n<td width=\"150\"><em>Kossuth<\/em><\/td>\n<td width=\"448\"><em>1-71, 2-72, Puskin &#8211; Sz\u00e9ch\u00e9nyi<\/em><\/td>\n<\/tr>\n<tr>\n<td width=\"150\"><em>Kossuth t\u00e9r<\/em><\/td>\n<td width=\"448\"><em>1-9<\/em><\/td>\n<\/tr>\n<tr>\n<td width=\"150\"><em>\u00c1rp\u00e1d<\/em><\/td>\n<td width=\"448\"><em>1-3, 2-4<\/em><\/td>\n<\/tr>\n<tr>\n<td width=\"150\"><em>Pipa<\/em><\/td>\n<td width=\"448\"><em>1-3, 2-8<\/em><\/td>\n<\/tr>\n<tr>\n<td width=\"150\"><em>Arany<\/em><\/td>\n<td width=\"448\"><em>19-29, 38-46<\/em><\/td>\n<\/tr>\n<tr>\n<td width=\"150\"><em>De\u00e1k<\/em><\/td>\n<td width=\"448\"><em>2-36, 7-45<\/em><\/td>\n<\/tr>\n<tr>\n<td width=\"150\"><em>Tabvasz<\/em><\/td>\n<td width=\"448\"><em>2-10<\/em><\/td>\n<\/tr>\n<tr>\n<td width=\"150\"><em>J\u00f3zsef Attila<\/em><\/td>\n<td width=\"448\"><em>1-53, 2-36<\/em><\/td>\n<\/tr>\n<tr>\n<td width=\"150\"><em>R\u00e1k\u00f3czi<\/em><\/td>\n<td width=\"448\"><em>J\u00f3zsef A. &#8211; M\u00e1ty\u00e1s<\/em><\/td>\n<\/tr>\n<\/tbody>\n<\/table>\n","protected":false},"excerpt":{"rendered":"<p>K\u00f6r\u00f6starcsa ter\u00fclet\u00e9n a bek\u00f6thet\u0151 utc\u00e1k list\u00e1ja \u00a0 Utcan\u00e9v H\u00e1zsz\u00e1m (t\u00f3l-ig) vagy utc\u00e1t\u00f3l-utc\u00e1ig Ber\u00e9nyi 16-22 Sz\u00e9ch\u00e9nyi 30-110, 19-97 Kossuth 1-71, 2-72, Puskin &#8211; Sz\u00e9ch\u00e9nyi Kossuth t\u00e9r 1-9 \u00c1rp\u00e1d 1-3, 2-4 Pipa [&hellip;]<\/p>\n","protected":false},"author":2,"featured_media":0,"parent":2,"menu_order":0,"comment_status":"closed","ping_status":"closed","template":"","meta":{"footnotes":""},"class_list":["post-238","page","type-page","status-publish","hentry","has_no_thumb"],"jetpack_sharing_enabled":true,"_links":{"self":[{"href":"https:\/\/overnet.hu\/index.php?rest_route=\/wp\/v2\/pages\/238","targetHints":{"allow":["GET"]}}],"collection":[{"href":"https:\/\/overnet.hu\/index.php?rest_route=\/wp\/v2\/pages"}],"about":[{"href":"https:\/\/overnet.hu\/index.php?rest_route=\/wp\/v2\/types\/page"}],"author":[{"embeddable":true,"href":"https:\/\/overnet.hu\/index.php?rest_route=\/wp\/v2\/users\/2"}],"replies":[{"embeddable":true,"href":"https:\/\/overnet.hu\/index.php?rest_route=%2Fwp%2Fv2%2Fcomments&post=238"}],"version-history":[{"count":1,"href":"https:\/\/overnet.hu\/index.php?rest_route=\/wp\/v2\/pages\/238\/revisions"}],"predecessor-version":[{"id":239,"href":"https:\/\/overnet.hu\/index.php?rest_route=\/wp\/v2\/pages\/238\/revisions\/239"}],"up":[{"embeddable":true,"href":"https:\/\/overnet.hu\/index.php?rest_route=\/wp\/v2\/pages\/2"}],"wp:attachment":[{"href":"https:\/\/overnet.hu\/index.php?rest_route=%2Fwp%2Fv2%2Fmedia&parent=238"}],"curies":[{"name":"wp","href":"https:\/\/api.w.org\/{rel}","templated":true}]}}