{"id":232,"date":"2015-01-16T13:57:05","date_gmt":"2015-01-16T12:57:05","guid":{"rendered":"http:\/\/overnet.hu\/?page_id=232"},"modified":"2015-01-16T13:57:05","modified_gmt":"2015-01-16T12:57:05","slug":"csardaszallas","status":"publish","type":"page","link":"https:\/\/overnet.hu\/?page_id=232","title":{"rendered":"Cs\u00e1rdasz\u00e1ll\u00e1s"},"content":{"rendered":"<table width=\"599\">\n<tbody>\n<tr>\n<td colspan=\"2\" width=\"599\"><strong><em>Cs\u00e1rdasz\u00e1ll\u00e1s<\/em><\/strong><\/td>\n<\/tr>\n<tr>\n<td colspan=\"2\" width=\"599\"><strong><em>\u00a0<\/em><\/strong><\/td>\n<\/tr>\n<tr>\n<td width=\"166\"><strong><em>Utcan\u00e9v<\/em><\/strong><\/td>\n<td width=\"433\"><strong><em>H\u00e1zsz\u00e1m (t\u00f3l-ig) vagy utc\u00e1t\u00f3l-utc\u00e1ig<\/em><\/strong><\/td>\n<\/tr>\n<tr>\n<td width=\"166\"><em>Felszabadul\u00e1s<\/em><\/td>\n<td width=\"433\"><em>1-5<\/em><\/td>\n<\/tr>\n<tr>\n<td width=\"166\"><em>D\u00f3zsa<\/em><\/td>\n<td width=\"433\"><em>1\/a-21, 2-20<\/em><\/td>\n<\/tr>\n<tr>\n<td width=\"166\"><em>Kossuth<\/em><\/td>\n<td width=\"433\"><em>4-60, 13-57<\/em><\/td>\n<\/tr>\n<tr>\n<td width=\"166\"><em>Arany<\/em><\/td>\n<td width=\"433\"><em>2<\/em><\/td>\n<\/tr>\n<tr>\n<td width=\"166\"><em>J\u00f3kai<\/em><\/td>\n<td width=\"433\"><em>2-18<\/em><\/td>\n<\/tr>\n<\/tbody>\n<\/table>\n","protected":false},"excerpt":{"rendered":"<p>Cs\u00e1rdasz\u00e1ll\u00e1s \u00a0 Utcan\u00e9v H\u00e1zsz\u00e1m (t\u00f3l-ig) vagy utc\u00e1t\u00f3l-utc\u00e1ig Felszabadul\u00e1s 1-5 D\u00f3zsa 1\/a-21, 2-20 Kossuth 4-60, 13-57 Arany 2 J\u00f3kai 2-18<\/p>\n","protected":false},"author":2,"featured_media":0,"parent":2,"menu_order":0,"comment_status":"closed","ping_status":"closed","template":"","meta":{"footnotes":""},"class_list":["post-232","page","type-page","status-publish","hentry","has_no_thumb"],"jetpack_sharing_enabled":true,"_links":{"self":[{"href":"https:\/\/overnet.hu\/index.php?rest_route=\/wp\/v2\/pages\/232","targetHints":{"allow":["GET"]}}],"collection":[{"href":"https:\/\/overnet.hu\/index.php?rest_route=\/wp\/v2\/pages"}],"about":[{"href":"https:\/\/overnet.hu\/index.php?rest_route=\/wp\/v2\/types\/page"}],"author":[{"embeddable":true,"href":"https:\/\/overnet.hu\/index.php?rest_route=\/wp\/v2\/users\/2"}],"replies":[{"embeddable":true,"href":"https:\/\/overnet.hu\/index.php?rest_route=%2Fwp%2Fv2%2Fcomments&post=232"}],"version-history":[{"count":2,"href":"https:\/\/overnet.hu\/index.php?rest_route=\/wp\/v2\/pages\/232\/revisions"}],"predecessor-version":[{"id":644,"href":"https:\/\/overnet.hu\/index.php?rest_route=\/wp\/v2\/pages\/232\/revisions\/644"}],"up":[{"embeddable":true,"href":"https:\/\/overnet.hu\/index.php?rest_route=\/wp\/v2\/pages\/2"}],"wp:attachment":[{"href":"https:\/\/overnet.hu\/index.php?rest_route=%2Fwp%2Fv2%2Fmedia&parent=232"}],"curies":[{"name":"wp","href":"https:\/\/api.w.org\/{rel}","templated":true}]}}