{"id":230,"date":"2015-01-16T13:56:21","date_gmt":"2015-01-16T12:56:21","guid":{"rendered":"http:\/\/overnet.hu\/?page_id=230"},"modified":"2015-01-16T13:56:21","modified_gmt":"2015-01-16T12:56:21","slug":"belmegyer","status":"publish","type":"page","link":"https:\/\/overnet.hu\/?page_id=230","title":{"rendered":"B\u00e9lmegyer"},"content":{"rendered":"<p><strong><\/strong><\/p>\n<table style=\"height: 538px;\" width=\"418\">\n<tbody>\n<tr>\n<td colspan=\"2\" width=\"599\"><strong><br \/>\n<\/strong><strong><em>B\u00e9lmegyer ter\u00fclet\u00e9n a bek\u00f6thet\u0151 utc\u00e1k list\u00e1ja<br \/>\n<\/em><\/strong><\/td>\n<\/tr>\n<tr>\n<td colspan=\"2\" width=\"599\"><strong><em>\u00a0<\/em><\/strong><\/td>\n<\/tr>\n<tr>\n<td width=\"166\"><strong><em>Utcan\u00e9v<\/em><\/strong><\/td>\n<td width=\"433\"><strong><em>H\u00e1zsz\u00e1m (t\u00f3l-ig) vagy utc\u00e1t\u00f3l-utc\u00e1ig<\/em><\/strong><\/td>\n<\/tr>\n<tr>\n<td width=\"166\"><em>Pet\u0151fi<\/em><\/td>\n<td width=\"433\"><em>1-61, 2-12<\/em><\/td>\n<\/tr>\n<tr>\n<td width=\"166\"><em>Ber\u00e9nyi<\/em><\/td>\n<td width=\"433\"><em>1-21, 2-22<\/em><\/td>\n<\/tr>\n<tr>\n<td width=\"166\"><em>Lenin<\/em><\/td>\n<td width=\"433\"><em>1-15, 2-24<\/em><\/td>\n<\/tr>\n<tr>\n<td width=\"166\"><em>Ny\u00e1r<\/em><\/td>\n<td width=\"433\"><em>Pet\u0151fi -Kossuth<\/em><\/td>\n<\/tr>\n<tr>\n<td width=\"166\"><em>Kossuth<\/em><\/td>\n<td width=\"433\"><em>9-27, 14-32<\/em><\/td>\n<\/tr>\n<tr>\n<td width=\"166\"><em>Sz\u00e9ch\u00e9nyi<\/em><\/td>\n<td width=\"433\"><em>2\/1-24,1<\/em><\/td>\n<\/tr>\n<tr>\n<td width=\"166\"><em>Alkotm\u00e1ny<\/em><\/td>\n<td width=\"433\"><em>1-17, 2\/1-6<\/em><\/td>\n<\/tr>\n<tr>\n<td width=\"166\"><em>B\u00e9k\u00e9si<\/em><\/td>\n<td width=\"433\"><em>1-13, 2-14<\/em><\/td>\n<\/tr>\n<\/tbody>\n<\/table>\n","protected":false},"excerpt":{"rendered":"<p>B\u00e9lmegyer ter\u00fclet\u00e9n a bek\u00f6thet\u0151 utc\u00e1k list\u00e1ja \u00a0 Utcan\u00e9v H\u00e1zsz\u00e1m (t\u00f3l-ig) vagy utc\u00e1t\u00f3l-utc\u00e1ig Pet\u0151fi 1-61, 2-12 Ber\u00e9nyi 1-21, 2-22 Lenin 1-15, 2-24 Ny\u00e1r Pet\u0151fi -Kossuth Kossuth 9-27, 14-32 Sz\u00e9ch\u00e9nyi 2\/1-24,1 Alkotm\u00e1ny [&hellip;]<\/p>\n","protected":false},"author":2,"featured_media":0,"parent":2,"menu_order":0,"comment_status":"closed","ping_status":"closed","template":"","meta":{"footnotes":""},"class_list":["post-230","page","type-page","status-publish","hentry","has_no_thumb"],"jetpack_sharing_enabled":true,"_links":{"self":[{"href":"https:\/\/overnet.hu\/index.php?rest_route=\/wp\/v2\/pages\/230","targetHints":{"allow":["GET"]}}],"collection":[{"href":"https:\/\/overnet.hu\/index.php?rest_route=\/wp\/v2\/pages"}],"about":[{"href":"https:\/\/overnet.hu\/index.php?rest_route=\/wp\/v2\/types\/page"}],"author":[{"embeddable":true,"href":"https:\/\/overnet.hu\/index.php?rest_route=\/wp\/v2\/users\/2"}],"replies":[{"embeddable":true,"href":"https:\/\/overnet.hu\/index.php?rest_route=%2Fwp%2Fv2%2Fcomments&post=230"}],"version-history":[{"count":1,"href":"https:\/\/overnet.hu\/index.php?rest_route=\/wp\/v2\/pages\/230\/revisions"}],"predecessor-version":[{"id":231,"href":"https:\/\/overnet.hu\/index.php?rest_route=\/wp\/v2\/pages\/230\/revisions\/231"}],"up":[{"embeddable":true,"href":"https:\/\/overnet.hu\/index.php?rest_route=\/wp\/v2\/pages\/2"}],"wp:attachment":[{"href":"https:\/\/overnet.hu\/index.php?rest_route=%2Fwp%2Fv2%2Fmedia&parent=230"}],"curies":[{"name":"wp","href":"https:\/\/api.w.org\/{rel}","templated":true}]}}