{"id":227,"date":"2015-01-16T13:54:43","date_gmt":"2015-01-16T12:54:43","guid":{"rendered":"http:\/\/overnet.hu\/?page_id=227"},"modified":"2015-01-16T13:55:22","modified_gmt":"2015-01-16T12:55:22","slug":"bekes","status":"publish","type":"page","link":"https:\/\/overnet.hu\/?page_id=227","title":{"rendered":"B\u00e9k\u00e9s"},"content":{"rendered":"<table style=\"height: 850px;\" width=\"397\">\n<tbody>\n<tr>\n<td colspan=\"2\" width=\"599\"><strong><em>B\u00e9k\u00e9s v\u00e1ros ter\u00fclet\u00e9n a bek\u00f6thet\u0151 utc\u00e1k list\u00e1ja<br \/>\n<\/em><\/strong><\/td>\n<\/tr>\n<tr>\n<td colspan=\"2\" width=\"599\"><strong><em>\u00a0<\/em><\/strong><\/td>\n<\/tr>\n<tr>\n<td width=\"193\"><strong><em>Utcan\u00e9v<\/em><\/strong><\/td>\n<td width=\"406\"><strong><em>H\u00e1zsz\u00e1m (t\u00f3l-ig) vagy utc\u00e1t\u00f3l-utc\u00e1ig<\/em><\/strong><\/td>\n<\/tr>\n<tr>\n<td width=\"193\"><em>Szarvasi \u00fat<\/em><\/td>\n<td width=\"406\"><em>8-42, 5-25<\/em><\/td>\n<\/tr>\n<tr>\n<td width=\"193\"><em>V\u00e1s\u00e1rsz\u00e9l utca<\/em><\/td>\n<td width=\"406\"><em>9-15<\/em><\/td>\n<\/tr>\n<tr>\n<td width=\"193\"><em>Kossuth<\/em><\/td>\n<td width=\"406\"><em>28-30<\/em><\/td>\n<\/tr>\n<tr>\n<td width=\"193\"><em>H\u00eddv\u00e9gi<\/em><\/td>\n<td width=\"406\"><em>2-20, 1-25<\/em><\/td>\n<\/tr>\n<tr>\n<td width=\"193\"><em>M\u00f3ricz Zsigmond<\/em><\/td>\n<td width=\"406\"><em>2-34, 1-11<\/em><\/td>\n<\/tr>\n<tr>\n<td width=\"193\"><em>F\u00e1bi\u00e1n<\/em><\/td>\n<td width=\"406\"><em>1-3<\/em><\/td>\n<\/tr>\n<tr>\n<td width=\"193\"><em>Cs\u00edkos<\/em><\/td>\n<td width=\"406\"><em>1-25, 2-10<\/em><\/td>\n<\/tr>\n<tr>\n<td width=\"193\"><em>Bajza<\/em><\/td>\n<td width=\"406\"><em>6-8, 1-5<\/em><\/td>\n<\/tr>\n<tr>\n<td width=\"193\"><em>Csabai<\/em><\/td>\n<td width=\"406\"><em>16-20, 13-15<\/em><\/td>\n<\/tr>\n<tr>\n<td width=\"193\"><em>Durk\u00f3<\/em><\/td>\n<td width=\"406\"><em>1-19, 2-22\/1<\/em><\/td>\n<\/tr>\n<tr>\n<td width=\"193\"><em>Szent P\u00e1l sor<\/em><\/td>\n<td width=\"406\"><em>2-14<\/em><\/td>\n<\/tr>\n<tr>\n<td width=\"193\"><em>Cseresznye<\/em><\/td>\n<td width=\"406\"><em>Szent P\u00e1l sor &#8211; \u00c9l\u0151v\u00edz csatorna<\/em><\/td>\n<\/tr>\n<tr>\n<td width=\"193\"><em>Malom<\/em><\/td>\n<td width=\"406\"><em>2-14, 1-5<\/em><\/td>\n<\/tr>\n<tr>\n<td width=\"193\"><em>Pet\u0151fi<\/em><\/td>\n<td width=\"406\"><em>1-45\/1, 2-50<\/em><\/td>\n<\/tr>\n<tr>\n<td width=\"193\"><em>Teleki<\/em><\/td>\n<td width=\"406\"><em>39-59, 16-32<\/em><\/td>\n<\/tr>\n<tr>\n<td width=\"193\"><em>Vashalom<\/em><\/td>\n<td width=\"406\"><em>Teleki &#8211; K\u0151r\u00f6si Cs. S.<\/em><\/td>\n<\/tr>\n<tr>\n<td width=\"193\"><em>K\u0151r\u00f6si Cs. S.<\/em><\/td>\n<td width=\"406\"><em>4-14<\/em><\/td>\n<\/tr>\n<tr>\n<td width=\"193\"><em>T\u00e1tra<\/em><\/td>\n<td width=\"406\"><em>1-21, 2-18<\/em><\/td>\n<\/tr>\n<tr>\n<td width=\"193\"><em>B\u00f3lyai<\/em><\/td>\n<td width=\"406\"><em>1-35, 2-36\/1<\/em><\/td>\n<\/tr>\n<tr>\n<td width=\"193\"><em>B\u00e1n\u00e1t<\/em><\/td>\n<td width=\"406\"><em>11-15<\/em><\/td>\n<\/tr>\n<tr>\n<td width=\"193\"><em>Sz\u00edv<\/em><\/td>\n<td width=\"406\"><em>1-9, 2-6<\/em><\/td>\n<\/tr>\n<tr>\n<td width=\"193\"><em>R\u00e1k\u00f3czi<\/em><\/td>\n<td width=\"406\"><em>9-75, 8-64, \u00e9s Csall\u00f3k\u00f6zi utc\u00e1ig<\/em><\/td>\n<\/tr>\n<tr>\n<td width=\"193\"><em>Kim Ir Szen<\/em><\/td>\n<td width=\"406\"><em>R\u00e1k\u00f3czi &#8211; Ir\u00e1nyi <\/em><\/td>\n<\/tr>\n<tr>\n<td width=\"193\"><em>Csall\u00f3k\u00f6zi<\/em><\/td>\n<td width=\"406\"><em>1\/1-115, 2\/1-84<\/em><\/td>\n<\/tr>\n<tr>\n<td width=\"193\"><em>Sz\u00e9ch\u00e9nyi t\u00e9r<\/em><\/td>\n<td width=\"406\"><em>6-8<\/em><\/td>\n<\/tr>\n<tr>\n<td width=\"193\"><em>M\u00fazeum k\u00f6z<\/em><\/td>\n<td width=\"406\"><em>1-2<\/em><\/td>\n<\/tr>\n<tr>\n<td width=\"193\"><em>F\u00e1y<\/em><\/td>\n<td width=\"406\"><em>M\u00fazeum k\u00f6z &#8211; Kossuth<\/em><\/td>\n<\/tr>\n<tr>\n<td width=\"193\"><em>Jantyik<\/em><\/td>\n<td width=\"406\"><em>1-25<\/em><\/td>\n<\/tr>\n<tr>\n<td width=\"193\"><em>Karacs<\/em><\/td>\n<td width=\"406\"><em>1-3<\/em><\/td>\n<\/tr>\n<tr>\n<td width=\"193\"><em>V\u00e1s\u00e1rsz\u00e9l utca<\/em><\/td>\n<td width=\"406\"><em>4-6<\/em><\/td>\n<\/tr>\n<tr>\n<td width=\"193\"><em>Kossuth<\/em><\/td>\n<td width=\"406\"><em>12-16, 26\/1-30<\/em><\/td>\n<\/tr>\n<\/tbody>\n<\/table>\n","protected":false},"excerpt":{"rendered":"<p>B\u00e9k\u00e9s v\u00e1ros ter\u00fclet\u00e9n a bek\u00f6thet\u0151 utc\u00e1k list\u00e1ja \u00a0 Utcan\u00e9v H\u00e1zsz\u00e1m (t\u00f3l-ig) vagy utc\u00e1t\u00f3l-utc\u00e1ig Szarvasi \u00fat 8-42, 5-25 V\u00e1s\u00e1rsz\u00e9l utca 9-15 Kossuth 28-30 H\u00eddv\u00e9gi 2-20, 1-25 M\u00f3ricz Zsigmond 2-34, 1-11 F\u00e1bi\u00e1n [&hellip;]<\/p>\n","protected":false},"author":2,"featured_media":0,"parent":2,"menu_order":0,"comment_status":"closed","ping_status":"closed","template":"","meta":{"footnotes":""},"class_list":["post-227","page","type-page","status-publish","hentry","has_no_thumb"],"jetpack_sharing_enabled":true,"_links":{"self":[{"href":"https:\/\/overnet.hu\/index.php?rest_route=\/wp\/v2\/pages\/227","targetHints":{"allow":["GET"]}}],"collection":[{"href":"https:\/\/overnet.hu\/index.php?rest_route=\/wp\/v2\/pages"}],"about":[{"href":"https:\/\/overnet.hu\/index.php?rest_route=\/wp\/v2\/types\/page"}],"author":[{"embeddable":true,"href":"https:\/\/overnet.hu\/index.php?rest_route=\/wp\/v2\/users\/2"}],"replies":[{"embeddable":true,"href":"https:\/\/overnet.hu\/index.php?rest_route=%2Fwp%2Fv2%2Fcomments&post=227"}],"version-history":[{"count":2,"href":"https:\/\/overnet.hu\/index.php?rest_route=\/wp\/v2\/pages\/227\/revisions"}],"predecessor-version":[{"id":229,"href":"https:\/\/overnet.hu\/index.php?rest_route=\/wp\/v2\/pages\/227\/revisions\/229"}],"up":[{"embeddable":true,"href":"https:\/\/overnet.hu\/index.php?rest_route=\/wp\/v2\/pages\/2"}],"wp:attachment":[{"href":"https:\/\/overnet.hu\/index.php?rest_route=%2Fwp%2Fv2%2Fmedia&parent=227"}],"curies":[{"name":"wp","href":"https:\/\/api.w.org\/{rel}","templated":true}]}}