{"id":214,"date":"2015-01-15T21:10:02","date_gmt":"2015-01-15T20:10:02","guid":{"rendered":"http:\/\/overnet.hu\/?page_id=214"},"modified":"2015-01-16T13:53:41","modified_gmt":"2015-01-16T12:53:41","slug":"tarhos","status":"publish","type":"page","link":"https:\/\/overnet.hu\/?page_id=214","title":{"rendered":"Tarhos"},"content":{"rendered":"<table style=\"height: 423px;\" width=\"394\">\n<tbody>\n<tr>\n<td colspan=\"2\" width=\"599\"><strong><em>Tarhos ter\u00fclet\u00e9n a bek\u00f6thet\u0151 utc\u00e1k list\u00e1ja<br \/>\n<\/em><\/strong><\/td>\n<\/tr>\n<tr>\n<td colspan=\"2\" width=\"599\"><strong><em>Standard bek\u00f6thet\u0151s\u00e9g<\/em><\/strong><\/td>\n<\/tr>\n<tr>\n<td width=\"116\"><strong><em>Utcan\u00e9v<\/em><\/strong><\/td>\n<td width=\"482\"><strong><em>H\u00e1zsz\u00e1m (t\u00f3l-ig) vagy utc\u00e1t\u00f3l-utc\u00e1ig<\/em><\/strong><\/td>\n<\/tr>\n<tr>\n<td width=\"116\"><em>Kossuth<\/em><\/td>\n<td width=\"482\"><em>1-75, 2-84<\/em><\/td>\n<\/tr>\n<tr>\n<td width=\"116\"><em>Pet\u0151fi<\/em><\/td>\n<td width=\"482\"><em>1\/1-57, 4-64<\/em><\/td>\n<\/tr>\n<tr>\n<td width=\"116\"><em>Arany<\/em><\/td>\n<td width=\"482\"><em>1-69, 2-84<\/em><\/td>\n<\/tr>\n<tr>\n<td width=\"116\"><em>Z\u00f6ldfa<\/em><\/td>\n<td width=\"482\"><em>1-53, 2-54<\/em><\/td>\n<\/tr>\n<tr>\n<td width=\"116\"><em>R\u00e1k\u00f3czi<\/em><\/td>\n<td width=\"482\"><em>Kossuth &#8211; Pet\u0151fi \u00e9s Arany &#8211; Z\u00f6ldfa<\/em><\/td>\n<\/tr>\n<tr>\n<td width=\"116\"><em>D\u00f3zsa<\/em><\/td>\n<td width=\"482\"><em>Arany &#8211; Kossuth<\/em><\/td>\n<\/tr>\n<\/tbody>\n<\/table>\n","protected":false},"excerpt":{"rendered":"<p>Tarhos ter\u00fclet\u00e9n a bek\u00f6thet\u0151 utc\u00e1k list\u00e1ja Standard bek\u00f6thet\u0151s\u00e9g Utcan\u00e9v H\u00e1zsz\u00e1m (t\u00f3l-ig) vagy utc\u00e1t\u00f3l-utc\u00e1ig Kossuth 1-75, 2-84 Pet\u0151fi 1\/1-57, 4-64 Arany 1-69, 2-84 Z\u00f6ldfa 1-53, 2-54 R\u00e1k\u00f3czi Kossuth &#8211; Pet\u0151fi \u00e9s [&hellip;]<\/p>\n","protected":false},"author":2,"featured_media":0,"parent":2,"menu_order":0,"comment_status":"closed","ping_status":"closed","template":"","meta":{"footnotes":""},"class_list":["post-214","page","type-page","status-publish","hentry","has_no_thumb"],"jetpack_sharing_enabled":true,"_links":{"self":[{"href":"https:\/\/overnet.hu\/index.php?rest_route=\/wp\/v2\/pages\/214","targetHints":{"allow":["GET"]}}],"collection":[{"href":"https:\/\/overnet.hu\/index.php?rest_route=\/wp\/v2\/pages"}],"about":[{"href":"https:\/\/overnet.hu\/index.php?rest_route=\/wp\/v2\/types\/page"}],"author":[{"embeddable":true,"href":"https:\/\/overnet.hu\/index.php?rest_route=\/wp\/v2\/users\/2"}],"replies":[{"embeddable":true,"href":"https:\/\/overnet.hu\/index.php?rest_route=%2Fwp%2Fv2%2Fcomments&post=214"}],"version-history":[{"count":4,"href":"https:\/\/overnet.hu\/index.php?rest_route=\/wp\/v2\/pages\/214\/revisions"}],"predecessor-version":[{"id":221,"href":"https:\/\/overnet.hu\/index.php?rest_route=\/wp\/v2\/pages\/214\/revisions\/221"}],"up":[{"embeddable":true,"href":"https:\/\/overnet.hu\/index.php?rest_route=\/wp\/v2\/pages\/2"}],"wp:attachment":[{"href":"https:\/\/overnet.hu\/index.php?rest_route=%2Fwp%2Fv2%2Fmedia&parent=214"}],"curies":[{"name":"wp","href":"https:\/\/api.w.org\/{rel}","templated":true}]}}