{"id":14,"date":"2014-10-15T13:41:13","date_gmt":"2014-10-15T12:41:13","guid":{"rendered":"http:\/\/overnet.hu\/?page_id=14"},"modified":"2026-03-30T17:21:41","modified_gmt":"2026-03-30T16:21:41","slug":"elerhetosegek","status":"publish","type":"page","link":"https:\/\/overnet.hu\/?page_id=14","title":{"rendered":"El\u00e9rhet\u0151s\u00e9gek"},"content":{"rendered":"<p><strong>Szerz\u0151d\u00e9sk\u00f6t\u00e9s, \u00fcgyf\u00e9lbek\u00f6t\u00e9s: Szil\u00e1gyi Zolt\u00e1n Telefon: 06-20-9-795-795<\/strong><\/p>\n<p><strong><span style=\"color: #ff0000;\">\u00dcgyf\u00e9lszolg\u00e1lat<\/span>:\u00a0 <\/strong>Mez\u0151ber\u00e9ny Fortuna t\u00e9r 10. <strong><span style=\"color: #ff0000;\">Telefon<\/span>: 06-66-200-207 \/ 1 -es mell\u00e9k\u00a0<\/strong><\/p>\n<p><span style=\"color: #ff0000;\"><strong>Email<\/strong><\/span>: info@overnet.hu<\/p>\n<h2><span style=\"color: #ff0000;\">Hibabejelent\u00e9s: 06-66-200-207 \/ 1<br \/>\n<\/span><\/h2>\n<h6>(tov\u00e1bbl\u00e9p\u00e9s az 1-es gomb megnyom\u00e1sa ut\u00e1n)<\/h6>\n<h2><span style=\"color: #ff0000;\">\u00a0<\/span><\/h2>\n<p>Vegye fel vel\u00fcnk a kapcsolatot!<\/p>\n\n<div class=\"wpcf7 no-js\" id=\"wpcf7-f48-o1\" lang=\"hu-HU\" dir=\"ltr\" data-wpcf7-id=\"48\">\n<div class=\"screen-reader-response\"><p role=\"status\" aria-live=\"polite\" aria-atomic=\"true\"><\/p> <ul><\/ul><\/div>\n<form action=\"\/index.php?rest_route=%2Fwp%2Fv2%2Fpages%2F14#wpcf7-f48-o1\" method=\"post\" class=\"wpcf7-form init\" aria-label=\"Kapcsolatfelv\u00e9teli \u0171rlap\" novalidate=\"novalidate\" data-status=\"init\">\n<fieldset class=\"hidden-fields-container\"><input type=\"hidden\" name=\"_wpcf7\" value=\"48\" \/><input type=\"hidden\" name=\"_wpcf7_version\" value=\"6.1.5\" \/><input type=\"hidden\" name=\"_wpcf7_locale\" value=\"hu_HU\" \/><input type=\"hidden\" name=\"_wpcf7_unit_tag\" value=\"wpcf7-f48-o1\" \/><input type=\"hidden\" name=\"_wpcf7_container_post\" value=\"0\" \/><input type=\"hidden\" name=\"_wpcf7_posted_data_hash\" value=\"\" \/>\n<\/fieldset>\n<p>N\u00e9v (k\u00f6telez\u0151)\n<\/p>\n<p><span class=\"wpcf7-form-control-wrap\" data-name=\"your-name\"><input size=\"40\" maxlength=\"400\" class=\"wpcf7-form-control wpcf7-text wpcf7-validates-as-required\" aria-required=\"true\" aria-invalid=\"false\" value=\"\" type=\"text\" name=\"your-name\" \/><\/span>\n<\/p>\n<p>Email c\u00edm (k\u00f6telez\u0151)\n<\/p>\n<p><span class=\"wpcf7-form-control-wrap\" data-name=\"your-email\"><input size=\"40\" maxlength=\"400\" class=\"wpcf7-form-control wpcf7-email wpcf7-validates-as-required wpcf7-text wpcf7-validates-as-email\" aria-required=\"true\" aria-invalid=\"false\" value=\"\" type=\"email\" name=\"your-email\" \/><\/span>\n<\/p>\n<p>T\u00e1rgy\n<\/p>\n<p><span class=\"wpcf7-form-control-wrap\" data-name=\"your-subject\"><input size=\"40\" maxlength=\"400\" class=\"wpcf7-form-control wpcf7-text\" aria-invalid=\"false\" value=\"\" type=\"text\" name=\"your-subject\" \/><\/span>\n<\/p>\n<p>\u00dczenet\n<\/p>\n<p><span class=\"wpcf7-form-control-wrap\" data-name=\"your-message\"><textarea cols=\"40\" rows=\"10\" maxlength=\"2000\" class=\"wpcf7-form-control wpcf7-textarea\" aria-invalid=\"false\" name=\"your-message\"><\/textarea><\/span>\n<\/p>\n<p><input class=\"wpcf7-form-control wpcf7-submit has-spinner\" type=\"submit\" value=\"K\u00fcld\u00e9s\" \/>\n<\/p><div class=\"wpcf7-response-output\" aria-hidden=\"true\"><\/div>\n<\/form>\n<\/div>\n\n<h2>A szolg\u00e1ltat\u00f3 neve \u00e9s c\u00edme<\/h2>\n<table>\n<tbody>\n<tr>\n<td width=\"307\">Szolg\u00e1ltat\u00f3 neve :<\/td>\n<td width=\"307\">OverNet Kereskedelmi \u00e9s Szolg\u00e1ltat\u00f3 Korl\u00e1tolt Felel\u0151ss\u00e9g\u0171 T\u00e1rsas\u00e1g<\/td>\n<\/tr>\n<tr>\n<td width=\"307\">Szolg\u00e1ltat\u00f3 r\u00f6vid\u00edtett neve<\/td>\n<td width=\"307\">OverNet Kft.<\/td>\n<\/tr>\n<tr>\n<td width=\"307\">Szolg\u00e1ltat\u00f3 c\u00edme, sz\u00e9khelye:<\/td>\n<td width=\"307\">5650 Mez\u0151ber\u00e9ny, Fortuna t\u00e9r 10<\/td>\n<\/tr>\n<tr>\n<td width=\"307\">Ad\u00f3sz\u00e1m:<\/td>\n<td width=\"307\">25046016-2-04<\/td>\n<\/tr>\n<tr>\n<td width=\"307\">Banksz\u00e1mlasz\u00e1m:<\/td>\n<td width=\"307\">MBH Bank Nyrt.<br \/>\n53200046-11096142IBAN:HU94 5320 0046 1109 6142 0000 0000<\/p>\n<p>BIC k\u00f3d:<\/p>\n<p><span class=\"fontstyle0\">MKKBHUHB<\/span><\/td>\n<\/tr>\n<\/tbody>\n<\/table>\n<h2>A szolg\u00e1ltat\u00f3 k\u00f6zponti \u00fcgyf\u00e9lszolg\u00e1lat\u00e1nak el\u00e9rhet\u0151s\u00e9gei<\/h2>\n<table>\n<tbody>\n<tr>\n<td width=\"307\">C\u00edme, levelez\u00e9si c\u00edme:<\/td>\n<td width=\"307\">5650 Mez\u0151ber\u00e9ny, Fortuna t\u00e9r 10<\/td>\n<\/tr>\n<tr>\n<td width=\"307\"><strong>Telefonsz\u00e1ma:<\/strong><\/td>\n<td width=\"307\"><strong>06-66-200-207 <\/strong><\/p>\n<h6>tov\u00e1bbl\u00e9p\u00e9s az 1-es gomb megnyom\u00e1sa ut\u00e1n<\/h6>\n<\/td>\n<\/tr>\n<tr>\n<td width=\"307\">Szolg\u00e1ltat\u00f3 internetes oldala:<\/td>\n<td width=\"307\">www.overnet.hu<\/td>\n<\/tr>\n<tr>\n<td width=\"307\">Elektronikus lev\u00e9lc\u00edme:<\/td>\n<td width=\"307\"><a href=\"mailto:info@overnet.hu\">info@overnet.hu<\/a><\/td>\n<\/tr>\n<tr>\n<td width=\"307\">\u00dcgyf\u00e9lszolg\u00e1lat nyitvatart\u00e1si ideje:<\/td>\n<td width=\"307\">Munkanapon,: 8:00 &#8211; 12.00, 13.00 \u2013 17.00<\/td>\n<\/tr>\n<\/tbody>\n<\/table>\n<h2>A szolg\u00e1ltat\u00f3 hibabejelent\u0151j\u00e9nek el\u00e9rhet\u0151s\u00e9gei<\/h2>\n<table>\n<tbody>\n<tr>\n<td width=\"307\">C\u00edme, levelez\u00e9si c\u00edme:<\/td>\n<td width=\"307\">H-5650 Mez\u0151ber\u00e9ny, Fortuna t\u00e9r 10<\/td>\n<\/tr>\n<tr>\n<td width=\"307\"><strong>Telefonsz\u00e1ma:<\/strong><\/td>\n<td width=\"307\"><strong>06-66-200-207<\/strong><\/p>\n<h6>tov\u00e1bbl\u00e9p\u00e9s az 1-es gomb megnyom\u00e1sa ut\u00e1n<\/h6>\n<\/td>\n<\/tr>\n<tr>\n<td width=\"307\">El\u00e9rhet\u0151s\u00e9ge:<\/td>\n<td width=\"307\">telefonon munkanapokon 08.00 \u2013 12.00, 13.00 &#8211; 17.00- ig<\/td>\n<\/tr>\n<tr>\n<td width=\"307\">Elektronikus lev\u00e9lc\u00edme:<\/td>\n<td width=\"307\">hiba@overnet.hu<\/td>\n<\/tr>\n<tr>\n<td width=\"307\">e-mailben<\/td>\n<td width=\"307\">minden nap 0-24 k\u00f6z\u00f6tt<\/td>\n<\/tr>\n<\/tbody>\n<\/table>\n<p>Id\u0151m\u00e9r\u00e9s:<\/p>\n<p><a href=\"http:\/\/www.polarsport.hu\">www.polarsport.hu<\/a><\/p>\n","protected":false},"excerpt":{"rendered":"<p>Szerz\u0151d\u00e9sk\u00f6t\u00e9s, \u00fcgyf\u00e9lbek\u00f6t\u00e9s: Szil\u00e1gyi Zolt\u00e1n Telefon: 06-20-9-795-795 \u00dcgyf\u00e9lszolg\u00e1lat:\u00a0 Mez\u0151ber\u00e9ny Fortuna t\u00e9r 10. Telefon: 06-66-200-207 \/ 1 -es mell\u00e9k\u00a0 Email: info@overnet.hu Hibabejelent\u00e9s: 06-66-200-207 \/ 1 (tov\u00e1bbl\u00e9p\u00e9s az 1-es gomb megnyom\u00e1sa ut\u00e1n) \u00a0 [&hellip;]<\/p>\n","protected":false},"author":2,"featured_media":0,"parent":0,"menu_order":0,"comment_status":"closed","ping_status":"closed","template":"","meta":{"footnotes":""},"class_list":["post-14","page","type-page","status-publish","hentry","has_no_thumb"],"jetpack_sharing_enabled":true,"_links":{"self":[{"href":"https:\/\/overnet.hu\/index.php?rest_route=\/wp\/v2\/pages\/14","targetHints":{"allow":["GET"]}}],"collection":[{"href":"https:\/\/overnet.hu\/index.php?rest_route=\/wp\/v2\/pages"}],"about":[{"href":"https:\/\/overnet.hu\/index.php?rest_route=\/wp\/v2\/types\/page"}],"author":[{"embeddable":true,"href":"https:\/\/overnet.hu\/index.php?rest_route=\/wp\/v2\/users\/2"}],"replies":[{"embeddable":true,"href":"https:\/\/overnet.hu\/index.php?rest_route=%2Fwp%2Fv2%2Fcomments&post=14"}],"version-history":[{"count":37,"href":"https:\/\/overnet.hu\/index.php?rest_route=\/wp\/v2\/pages\/14\/revisions"}],"predecessor-version":[{"id":2447,"href":"https:\/\/overnet.hu\/index.php?rest_route=\/wp\/v2\/pages\/14\/revisions\/2447"}],"wp:attachment":[{"href":"https:\/\/overnet.hu\/index.php?rest_route=%2Fwp%2Fv2%2Fmedia&parent=14"}],"curies":[{"name":"wp","href":"https:\/\/api.w.org\/{rel}","templated":true}]}}