{"id":1356,"date":"2023-05-17T15:54:28","date_gmt":"2023-05-17T14:54:28","guid":{"rendered":"https:\/\/overnet.hu\/?page_id=1356"},"modified":"2023-10-05T08:11:42","modified_gmt":"2023-10-05T07:11:42","slug":"teruleti-kepviselot-uzletkotot-keresunk","status":"publish","type":"page","link":"https:\/\/overnet.hu\/?page_id=1356","title":{"rendered":"Ter\u00fcleti k\u00e9pvisel\u0151t \u2013 \u00fczletk\u00f6t\u0151t keres\u00fcnk"},"content":{"rendered":"\n<p class=\"has-medium-font-size\"><strong>Internet szolg\u00e1ltat\u00e1s \u00e9rt\u00e9kes\u00edt\u00e9s\u00e9re<\/strong><\/p>\n\n\n\n<p>Zsad\u00e1ny, Ok\u00e1ny, V\u00e9szt\u0151, \u00c1rt\u00e1nd, Biharugra, K\u00f6r\u00f6snagyhars\u00e1ny, Kamut, B\u00e9lmegyer, Tarhos ter\u00fcletre<\/p>\n\n\n\n<p>Feladat:<\/p>\n\n\n\n<p>\u00daj partnerek felkutat\u00e1sa, vel\u00fck val\u00f3 kapcsolattart\u00e1s<\/p>\n\n\n\n<p>J\u00f3 kommunik\u00e1ci\u00f3s k\u00e9pess\u00e9g,<\/p>\n\n\n\n<p>Internet haszn\u00e1lata<\/p>\n\n\n\n<p>Minimum k\u00f6z\u00e9pfok\u00fa iskolai v\u00e9gzetts\u00e9g,<\/p>\n\n\n\n<p>\u00c9rt\u00e9kes\u00edt\u00e9sben, \u00fczletk\u00f6t\u00e9sben tapasztalat<\/p>\n\n\n\n<p>Lojalit\u00e1s, megb\u00edzhat\u00f3s\u00e1g, agilit\u00e1s<\/p>\n\n\n\n<p>Kezdem\u00e9nyez\u0151 k\u00e9pess\u00e9g<\/p>\n\n\n\n<p>B jogos\u00edtv\u00e1ny<\/p>\n\n\n\n<p>Telefonos el\u00e9rhet\u0151s\u00e9g: 06-20-9-795-795<\/p>\n","protected":false},"excerpt":{"rendered":"<p>Internet szolg\u00e1ltat\u00e1s \u00e9rt\u00e9kes\u00edt\u00e9s\u00e9re Zsad\u00e1ny, Ok\u00e1ny, V\u00e9szt\u0151, \u00c1rt\u00e1nd, Biharugra, K\u00f6r\u00f6snagyhars\u00e1ny, Kamut, B\u00e9lmegyer, Tarhos ter\u00fcletre Feladat: \u00daj partnerek felkutat\u00e1sa, vel\u00fck val\u00f3 kapcsolattart\u00e1s J\u00f3 kommunik\u00e1ci\u00f3s k\u00e9pess\u00e9g, Internet haszn\u00e1lata Minimum k\u00f6z\u00e9pfok\u00fa iskolai v\u00e9gzetts\u00e9g, \u00c9rt\u00e9kes\u00edt\u00e9sben, [&hellip;]<\/p>\n","protected":false},"author":2,"featured_media":0,"parent":24,"menu_order":0,"comment_status":"closed","ping_status":"closed","template":"","meta":{"footnotes":""},"class_list":["post-1356","page","type-page","status-publish","hentry","has_no_thumb"],"jetpack_sharing_enabled":true,"_links":{"self":[{"href":"https:\/\/overnet.hu\/index.php?rest_route=\/wp\/v2\/pages\/1356","targetHints":{"allow":["GET"]}}],"collection":[{"href":"https:\/\/overnet.hu\/index.php?rest_route=\/wp\/v2\/pages"}],"about":[{"href":"https:\/\/overnet.hu\/index.php?rest_route=\/wp\/v2\/types\/page"}],"author":[{"embeddable":true,"href":"https:\/\/overnet.hu\/index.php?rest_route=\/wp\/v2\/users\/2"}],"replies":[{"embeddable":true,"href":"https:\/\/overnet.hu\/index.php?rest_route=%2Fwp%2Fv2%2Fcomments&post=1356"}],"version-history":[{"count":3,"href":"https:\/\/overnet.hu\/index.php?rest_route=\/wp\/v2\/pages\/1356\/revisions"}],"predecessor-version":[{"id":1403,"href":"https:\/\/overnet.hu\/index.php?rest_route=\/wp\/v2\/pages\/1356\/revisions\/1403"}],"up":[{"embeddable":true,"href":"https:\/\/overnet.hu\/index.php?rest_route=\/wp\/v2\/pages\/24"}],"wp:attachment":[{"href":"https:\/\/overnet.hu\/index.php?rest_route=%2Fwp%2Fv2%2Fmedia&parent=1356"}],"curies":[{"name":"wp","href":"https:\/\/api.w.org\/{rel}","templated":true}]}}