{"id":12,"date":"2014-10-15T13:34:53","date_gmt":"2014-10-15T12:34:53","guid":{"rendered":"http:\/\/overnet.hu\/?page_id=12"},"modified":"2026-03-31T14:30:18","modified_gmt":"2026-03-31T13:30:18","slug":"csomagjaink","status":"publish","type":"page","link":"https:\/\/overnet.hu\/?page_id=12","title":{"rendered":"Csomagjaink"},"content":{"rendered":"\n<p>\u00c9rv\u00e9nyes: 2026.04.01-t\u0151l<\/p>\n\n\n\n<p>Szolg\u00e1ltat\u00e1s t\u00edpus: Optikai vezet\u00e9kes internet szolg\u00e1ltat\u00e1s<\/p>\n\n\n\n<figure class=\"wp-block-table is-style-stripes has-small-font-size\"><table><tbody><tr><td>D\u00edjcsomag neve&nbsp;&nbsp;<\/td><td>GigaNet 300<\/td><td>GigaNet 500 <\/td><td>GigaNet 1000<\/td><\/tr><tr><td>Maxim\u00e1lis let\u00f6lt\u00e9si sebess\u00e9g (Mbit\/s)<\/td><td>300<\/td><td>500<\/td><td>1000<\/td><\/tr><tr><td>Maxim\u00e1lis felt\u00f6lt\u00e9si sebess\u00e9g (Mbit\/s)<\/td><td>300<\/td><td>500<\/td><td>1000<\/td><\/tr><tr><td>Rendes k\u00f6r\u00fclm\u00e9nyek k\u00f6z\u00f6tt el\u00e9rhet\u0151 let\u00f6lt\u00e9si sebess\u00e9g (Mbit\/s)<\/td><td>200<\/td><td>350<\/td><td>800<\/td><\/tr><tr><td>Rendes k\u00f6r\u00fclm\u00e9nyek k\u00f6z\u00f6tt el\u00e9rhet\u0151 felt\u00f6lt\u00e9si sebess\u00e9g (Mbit\/s)<\/td><td>200<\/td><td>350<\/td><td>800<\/td><\/tr><tr><td>Minim\u00e1lis let\u00f6lt\u00e9si sebess\u00e9g (Mbit\/s)<\/td><td>90<\/td><td>190<\/td><td>350<\/td><\/tr><tr><td>Minim\u00e1lis felt\u00f6lt\u00e9si sebess\u00e9g (Mbit\/s)<\/td><td>90<\/td><td>190<\/td><td>350<\/td><\/tr><tr><td>D\u00edjcsomagba foglalt adatforgalmi keret (le-\u00e9s felt\u00f6lt\u00e9si ir\u00e1nyban)<\/td><td>korl\u00e1tlan<\/td><td>korl\u00e1tlan<\/td><td>korl\u00e1tlan<\/td><\/tr><tr><td>Szolg\u00e1ltat\u00e1sok, alkalmaz\u00e1sok, amelyek nem sz\u00e1m\u00edtanak be a d\u00edjcsomagba foglalat keretbe<\/td><td>nem \u00e9rtelmezett<\/td><td>nem \u00e9rtelmezett<\/td><td>nem \u00e9rtelmezett<\/td><\/tr><tr><td>Adatkeret-t\u00fall\u00e9p\u00e9s kezel\u00e9se (T\u00falforgalmaz\u00e1s kezel\u00e9s)<\/td><td>&nbsp; &#8211; &nbsp;<\/td><td>&nbsp; &#8211;<\/td><td>&nbsp; &#8211;<\/td><\/tr><tr><td>K\u00e9sleltet\u00e9s (K\u00f6rbej\u00e1r\u00e1si)<\/td><td>30,0 ms<\/td><td>30,0 ms<\/td><td>30,0 ms<\/td><\/tr><tr><td>K\u00e9sleltet\u00e9s-ingadoz\u00e1s (K\u00f6rbej\u00e1r\u00e1si)<\/td><td>30,0 ms<\/td><td>30,0 ms<\/td><td>30,0 ms<\/td><\/tr><tr><td>Csomagveszt\u00e9s &nbsp;<\/td><td>0,9 %<\/td><td>0,9 %<\/td><td>0,9 %<\/td><\/tr><\/tbody><\/table><\/figure>\n\n\n\n<div class=\"wp-block-columns is-layout-flex wp-container-core-columns-is-layout-9d6595d7 wp-block-columns-is-layout-flex\">\n<div class=\"wp-block-column is-layout-flow wp-block-column-is-layout-flow\" style=\"flex-basis:100%\">\n<p><\/p><p>\u00c9rv\u00e9nyes: 2022. janu\u00e1r 01-t\u0151l<\/p>\n\n\n\n<p>Szolg\u00e1ltat\u00e1s t\u00edpus: Optikai vezet\u00e9kes internet szolg\u00e1ltat\u00e1s<\/p>\n\n\n\n<p><\/p>\n\n\n\n<div class=\"wp-block-columns is-layout-flex wp-container-core-columns-is-layout-9d6595d7 wp-block-columns-is-layout-flex\">\n<div class=\"wp-block-column is-layout-flow wp-block-column-is-layout-flow\" style=\"flex-basis:100%\">\n<figure class=\"wp-block-table is-style-stripes has-small-font-size\"><table><tbody><tr><td>\n<p>D\u00edjcsomag neve&nbsp;&nbsp;<\/p>\n<\/td><td>\n<p>MegaNet &nbsp;&nbsp;&nbsp;2022<\/p>\n<\/td><td>\n<p>GigaNet 2022<\/p>\n<\/td><td>\n<p>OverNet 2022<\/p>\n<\/td><td>\n<p>OverNet Pr\u00e9mium 2022<\/p>\n<\/td><td>\n<p>OverNet \u00dczleti 2022<\/p>\n<\/td><\/tr><tr><td>\n<p>Maxim\u00e1lis let\u00f6lt\u00e9si sebess\u00e9g (Mbit\/s)<\/p>\n<\/td><td>\n<p>80<\/p>\n<\/td><td>\n<p>90<\/p>\n<\/td><td>\n<p>100<\/p>\n<\/td><td>\n<p>550<\/p>\n<\/td><td>\n<p>100<\/p>\n<\/td><\/tr><tr><td>\n<p>Maxim\u00e1lis felt\u00f6lt\u00e9si sebess\u00e9g (Mbit\/s)<\/p>\n<\/td><td>\n<p>80<\/p>\n<\/td><td>\n<p>90<\/p>\n<\/td><td>\n<p>100<\/p>\n<\/td><td>\n<p>550<\/p>\n<\/td><td>\n<p>100<\/p>\n<\/td><\/tr><tr><td>\n<p>Rendes k\u00f6r\u00fclm\u00e9nyek k\u00f6z\u00f6tt el\u00e9rhet\u0151 let\u00f6lt\u00e9si sebess\u00e9g (Mbit\/s)<\/p>\n<\/td><td>\n<p>50<\/p>\n<\/td><td>\n<p>55<\/p>\n<\/td><td>\n<p>60<\/p>\n<\/td><td>\n<p>100<\/p>\n<\/td><td>\n<p>60<\/p>\n<\/td><\/tr><tr><td>\n<p>Rendes k\u00f6r\u00fclm\u00e9nyek k\u00f6z\u00f6tt el\u00e9rhet\u0151 felt\u00f6lt\u00e9si sebess\u00e9g (Mbit\/s)<\/p>\n<\/td><td>\n<p>50<\/p>\n<\/td><td>\n<p>55<\/p>\n<\/td><td>\n<p>60<\/p>\n<\/td><td>\n<p>100<\/p>\n<\/td><td>\n<p>60<\/p>\n<\/td><\/tr><tr><td>\n<p>Minim\u00e1lis let\u00f6lt\u00e9si sebess\u00e9g (Mbit\/s)<\/p>\n<\/td><td>\n<p>20<\/p>\n<\/td><td>\n<p>30<\/p>\n<\/td><td>\n<p>40<\/p>\n<\/td><td>\n<p>50<\/p>\n<\/td><td>\n<p>40<\/p>\n<\/td><\/tr><tr><td>\n<p>Minim\u00e1lis felt\u00f6lt\u00e9si sebess\u00e9g (Mbit\/s)<\/p>\n<\/td><td>\n<p>20<\/p>\n<\/td><td>\n<p>30<\/p>\n<\/td><td>\n<p>40<\/p>\n<\/td><td>\n<p>50<\/p>\n<\/td><td>\n<p>40<\/p>\n<\/td><\/tr><tr><td>\n<p>D\u00edjcsomagba foglalt adatforgalmi keret (le-\u00e9s felt\u00f6lt\u00e9si ir\u00e1nyban)<\/p>\n<\/td><td>\n<p>korl\u00e1tlan<\/p>\n<\/td><td>\n<p>korl\u00e1tlan<\/p>\n<\/td><td>\n<p>korl\u00e1tlan<\/p>\n<\/td><td>\n<p>korl\u00e1tlan<\/p>\n<\/td><td>\n<p>korl\u00e1tlan<\/p>\n<\/td><\/tr><tr><td>\n<p>Szolg\u00e1ltat\u00e1sok, alkalmaz\u00e1sok, amelyek nem sz\u00e1m\u00edtanak be a d\u00edjcsomagba foglalat keretbe<\/p>\n<\/td><td>\n<p>nem \u00e9rtelmezett<\/p>\n<\/td><td>\n<p>nem \u00e9rtelmezett<\/p>\n<\/td><td>\n<p>nem \u00e9rtelmezett<\/p>\n<\/td><td>\n<p>nem \u00e9rtelmezett<\/p>\n<\/td><td>\n<p>nem \u00e9rtelmezett<\/p>\n<\/td><\/tr><tr><td>\n<p>Adatkeret-t\u00fall\u00e9p\u00e9s kezel\u00e9se (T\u00falforgalmaz\u00e1s kezel\u00e9s)<\/p>\n<\/td><td>\n<p>&nbsp;<\/p>\n<p>&#8211;<\/p>\n<p>&nbsp;<\/p>\n<\/td><td>\n<p>&nbsp;<\/p>\n<p>&#8211;<\/p>\n<\/td><td>\n<p>&nbsp;<\/p>\n<p>&#8211;<\/p>\n<\/td><td>\n<p>&nbsp;<\/p>\n<p>&#8211;<\/p>\n<\/td><td>\n<p>&nbsp;<\/p>\n<p>&#8211;<\/p>\n<\/td><\/tr><tr><td>\n<p>K\u00e9sleltet\u00e9s (K\u00f6rbej\u00e1r\u00e1si)<\/p>\n<\/td><td>\n<p>30,0 ms<\/p>\n<\/td><td>\n<p>30,0 ms<\/p>\n<\/td><td>\n<p>30,0 ms<\/p>\n<\/td><td>\n<p>30,0 ms<\/p>\n<\/td><td>\n<p>30,0 ms<\/p>\n<\/td><\/tr><tr><td>\n<p>K\u00e9sleltet\u00e9s-ingadoz\u00e1s (K\u00f6rbej\u00e1r\u00e1si)<\/p>\n<\/td><td>\n<p>30,0, ms<\/p>\n<\/td><td>\n<p>30,0, ms<\/p>\n<\/td><td>\n<p>30,0, ms<\/p>\n<\/td><td>\n<p>30,0, ms<\/p>\n<\/td><td>\n<p>30,0, ms<\/p>\n<\/td><\/tr><tr><td>\n<p>Csomagveszt\u00e9s<\/p>\n<p>&nbsp;<\/p>\n<\/td><td>\n<p>0,9 %<\/p>\n<\/td><td>\n<p>0,9 %<\/p>\n<\/td><td>\n<p>0,9 %<\/p>\n<\/td><td>\n<p>0,9 %<\/p>\n<\/td><td>\n<p>0,9 %<\/p>\n<p>&nbsp;<\/p>\n<\/td><\/tr><\/tbody><\/table><\/figure>\n<\/div>\n<\/div>\n\n\n\n<p>Szolg\u00e1ltat\u00e1s t\u00edpus: Optikai vezet\u00e9kes internet szolg\u00e1ltat\u00e1s<\/p>\n<\/div>\n<\/div>\n\n\n\n<figure class=\"wp-block-table is-style-stripes\"><table><tbody><tr><td>D\u00edjcsomag neve&nbsp;&nbsp;<\/td><td>Net<\/td><td>MegaNet<\/td><td>GigaNet<\/td><td>OverNet<\/td><td>OverNetSLA<\/td><td>OverNet 550<\/td><td>5 G P2P<\/td><\/tr><tr><td>Maxim\u00e1lis let\u00f6lt\u00e9si sebess\u00e9g (Mbit\/s)<\/td><td>30<\/td><td>80<\/td><td>90<\/td><td>100<\/td><td>100<\/td><td>550<\/td><td>15<\/td><\/tr><tr><td>Maxim\u00e1lis felt\u00f6lt\u00e9si sebess\u00e9g (Mbit\/s)<\/td><td>30<\/td><td>50<\/td><td>80<\/td><td>100<\/td><td>100<\/td><td>550<\/td><td>15<\/td><\/tr><tr><td>Rendes k\u00f6r\u00fclm\u00e9nyek k\u00f6z\u00f6tt el\u00e9rhet\u0151 let\u00f6lt\u00e9si sebess\u00e9g (Mbit\/s)<\/td><td>24<\/td><td>50<\/td><td>55<\/td><td>60<\/td><td>60<\/td><td>100<\/td><td>1,0<\/td><\/tr><tr><td>Rendes k\u00f6r\u00fclm\u00e9nyek k\u00f6z\u00f6tt el\u00e9rhet\u0151 felt\u00f6lt\u00e9si sebess\u00e9g (Mbit\/s)<\/td><td>24<\/td><td>50<\/td><td>55<\/td><td>60<\/td><td>60<\/td><td>100<\/td><td>1,0<\/td><\/tr><tr><td>Minim\u00e1lis let\u00f6lt\u00e9si sebess\u00e9g (Mbit\/s)<\/td><td>20<\/td><td>20<\/td><td>30<\/td><td>40<\/td><td>40<\/td><td>50<\/td><td>0,5<\/td><\/tr><tr><td>Minim\u00e1lis felt\u00f6lt\u00e9si sebess\u00e9g (Mbit\/s)<\/td><td>20<\/td><td>20<\/td><td>30<\/td><td>40<\/td><td>40<\/td><td>50<\/td><td>0,5<\/td><\/tr><tr><td>D\u00edjcsomagba foglalt adatforgalmi keret (le-\u00e9s felt\u00f6lt\u00e9si ir\u00e1nyban)<\/td><td>korl\u00e1tlan<\/td><td>korl\u00e1tlan<\/td><td>korl\u00e1tlan<\/td><td>korl\u00e1tlan<\/td><td>korl\u00e1tlan<\/td><td>korl\u00e1tlan<\/td><td>korl\u00e1tlan<\/td><\/tr><tr><td>Szolg\u00e1ltat\u00e1sok, alkalmaz\u00e1sok, amelyek nem sz\u00e1m\u00edtanak be a d\u00edjcsomagba foglalat keretbe<\/td><td>nem \u00e9rtelmezett<\/td><td>nem \u00e9rtelmezett<\/td><td>nem \u00e9rtelmezett<\/td><td>nem \u00e9rtelmezett<\/td><td>nem \u00e9rtelmezett<\/td><td>nem \u00e9rtelmezett<\/td><td>nem \u00e9rtelmezett<\/td><\/tr><tr><td>Adatkeret-t\u00fall\u00e9p\u00e9s kezel\u00e9se (T\u00falforgalmaz\u00e1s kezel\u00e9s)<\/td><td>&nbsp; &#8211; &nbsp;<\/td><td>&nbsp; &#8211;<\/td><td>&nbsp; &#8211;<\/td><td>&nbsp; &#8211;<\/td><td>&nbsp; &#8211;<\/td><td>&nbsp; &#8211;<\/td><td>&nbsp; &#8211;<\/td><\/tr><tr><td>K\u00e9sleltet\u00e9s (K\u00f6rbej\u00e1r\u00e1si)<\/td><td>30,0 ms<\/td><td>30,0 ms<\/td><td>30,0 ms<\/td><td>30,0 ms<\/td><td>30,0 ms<\/td><td>30,0 ms<\/td><td>30,0 ms<\/td><\/tr><tr><td>K\u00e9sleltet\u00e9s-ingadoz\u00e1s (K\u00f6rbej\u00e1r\u00e1si)<\/td><td>30,0 ms<\/td><td>30,0 ms<\/td><td>30,0 ms<\/td><td>30,0 ms<\/td><td>30,0 ms<\/td><td>30,0 ms<\/td><td>30,0 ms<\/td><\/tr><tr><td>Csomagveszt\u00e9s &nbsp;<\/td><td>0,9 %<\/td><td>0,9 %<\/td><td>0,9 %<\/td><td>0,9 %<\/td><td>0,9 %<\/td><td>0,9 %<\/td><td>0,9 %<\/td><\/tr><\/tbody><\/table><\/figure>\n\n\n\n\n\n<p>\u201eB\u201d t\u00e1bl\u00e1zat: Az internet-hozz\u00e1f\u00e9r\u00e9si szolg\u00e1ltat\u00e1sok sebess\u00e9g\u00e9t befoly\u00e1sol\u00f3 t\u00e9nyez\u0151k t\u00e1bl\u00e1zata<\/p>\n\n\n\n<figure class=\"wp-block-table\"><table><tbody><tr><td>&nbsp;<\/td><td>A<\/td><td>B<\/td><td>C<\/td><\/tr><tr><td>1.<\/td><td>A szolg\u00e1ltat\u00f3 \u00e9rdekk\u00f6r\u00e9be<br \/>es\u0151 t\u00e9nyez\u0151k<\/td><td>Az el\u0151fizet\u0151 \u00e9rdekk\u00f6r\u00e9be es\u0151<br \/>t\u00e9nyez\u0151k<\/td><td>Egy\u00e9b t\u00e9nyez\u0151k<\/td><\/tr><tr><td>2.<\/td><td>a felhaszn\u00e1l\u00f3 \u00e1ltal ig\u00e9nybe vett szolg\u00e1ltat\u00e1s jellemz\u0151i<\/td><td>az internet szolg\u00e1ltat\u00f3<br \/>h\u00e1l\u00f3zati vagy a cella<br \/>terhelts\u00e9ge<\/td><\/tr><tr><td>3.<\/td><td>a szolg\u00e1ltat\u00f3 h\u00e1l\u00f3zat\u00e1nak<br \/>m\u0171szaki jellemz\u0151i \u00e9s \u00e1llapota<br \/><br \/><\/td><td>a felhaszn\u00e1l\u00e1s f\u00f6ldrajzi helye<\/td><td>a felhaszn\u00e1l\u00f3 \u00e1ltal<br \/>ig\u00e9nybe vett internetes<br \/>szolg\u00e1ltat\u00e1st, vagy<br \/>tartalmat biztos\u00edt\u00f3<br \/>szerver jellemz\u0151i \u00e9s \u00e1llapota<\/td><\/tr><tr><td>4.<\/td><td>a felhaszn\u00e1l\u00f3 rendelkez\u00e9s\u00e9re<br \/>\u00e1ll\u00f3 h\u00e1l\u00f3zati kapacit\u00e1s<\/td><td>a felhaszn\u00e1l\u00f3 \u00e1ltal haszn\u00e1lt<br \/>v\u00e9gberendez\u00e9s(ek), vagy<br \/>h\u00e1zh\u00e1l\u00f3zat m\u0171szaki jellemz\u0151i<br \/>\u00e9s \u00e1llapota<\/td><td>a felhaszn\u00e1l\u00f3 \u00e1ltal<br \/>ig\u00e9nybe vett internetes<br \/>szolg\u00e1ltat\u00e1st, vagy<br \/>tartalmat biztos\u00edt\u00f3<br \/>szerver terhel\u00e9se<\/td><\/tr><tr><td>5.<\/td><td>forgalomszab\u00e1lyoz\u00e1s<br \/>(h\u00e1l\u00f3zatmenedzsment)<br \/>alkalmaz\u00e1sa<\/td><td>a felhaszn\u00e1l\u00f3<br \/>v\u00e9gberendez\u00e9s\u00e9nek, \u00e9s<br \/>h\u00e1l\u00f3zat\u00e1nak terhelts\u00e9ge<\/td><td>h\u00e1l\u00f3zatot \u00e9rt k\u00fcls\u0151<br \/>behat\u00e1s<br \/>(pl. be\u00e1z\u00e1s, rong\u00e1l\u00e1s,<br \/>mechanikai<br \/>t\u00falterhel\u0151d\u00e9s)<\/td><\/tr><tr><td>6.<\/td><td>Jellemz\u0151 v\u00e9gponti hiba<\/td><td>WIFI routeres haszn\u00e1lat<br \/>eset\u00e9n: a haszn\u00e1lat helysz\u00edn\u00e9t<br \/>jelent\u0151 \u00e9p\u00fclet jellege, az<br \/>\u00e9p\u00fclethez felhaszn\u00e1lt \u00e9p\u00edt\u00e9si<br \/>anyagok \u00e1rny\u00e9kol\u00f3 hat\u00e1sa,<br \/>t\u00e1vols\u00e1g az antenn\u00e1t\u00f3l<\/td><td>Nem megfelel\u0151 k\u00e1belek,<br \/>routerek haszn\u00e1lata,<br \/>kiemelten a 100 Mbps<br \/>sebess\u00e9gt\u0151l<\/td><\/tr><tr><td>7.<\/td><td>Jellemz\u0151 v\u00e9gponti hiba<\/td><td>WiFi router eset\u00e9n<\/td><td>Csatorna t\u00falterhelts\u00e9g<br \/>\u00c9p\u00fcleten bel\u00fcli nagy<br \/>sz\u00e1m\u00fa, egym\u00e1st zavar\u00f3<br \/>WiFi routerek sz\u00e1ma, \u00e9s<br \/>teljes\u00edtm\u00e9nye<\/td><\/tr><\/tbody><\/table><\/figure>\n\n\n\n<p><\/p>\n\n\n\n<figure class=\"wp-block-table\"><table><tbody><tr><td><strong>Felhaszn\u00e1l\u00e1si m\u00f3dok mindegyik csomag eset\u00e9ben<\/strong><\/td><\/tr><tr><td>(ig\u00e9nybe vehet\u0151, nem vehet\u0151 ig\u00e9nybe, felt\u00e9telekkel vehet\u0151 ig\u00e9nybe)<\/td><\/tr><tr><td>Web-b\u00f6ng\u00e9sz\u00e9s<\/td><td>ig\u00e9nybe vehet\u0151<\/td><\/tr><tr><td>VoIP<\/td><td>ig\u00e9nybe vehet\u0151<\/td><\/tr><tr><td>Chat alkalmaz\u00e1sok<\/td><td>ig\u00e9nybe vehet\u0151<\/td><\/tr><tr><td>K\u00f6z\u00f6ss\u00e9gi oldalak<\/td><td>ig\u00e9nybe vehet\u0151<\/td><\/tr><tr><td>F\u00e1jlcser\u00e9l\u0151 alkalmaz\u00e1sok<\/td><td>ig\u00e9nybe vehet\u0151<\/td><\/tr><tr><td>Vide\u00f3megoszt\u00f3 alkalmaz\u00e1sok<\/td><td>ig\u00e9nybe vehet\u0151<\/td><\/tr><tr><td>Online TV<\/td><td>ig\u00e9nybe vehet\u0151<\/td><\/tr><tr><td>Egy\u00e9b<\/td><td>ig\u00e9nybe vehet\u0151<\/td><\/tr><\/tbody><\/table><\/figure>\n\n\n\n<figure class=\"wp-block-table\"><table><tbody><tr><td>A h\u00e1l\u00f3zatsemlegess\u00e9ggel \u00f6sszef\u00fcgg\u0151 fogalmak meghat\u00e1roz\u00e1sa<\/td><\/tr><tr><td>&nbsp;<\/td><td>&nbsp;<\/td><\/tr><tr><td>Elnevez\u00e9s<\/td><td>Defin\u00edci\u00f3<\/td><\/tr><tr><td>Maxim\u00e1lis (n\u00e9vleges) sebess\u00e9g<\/td><td>a helyhez k\u00f6t\u00f6tt internet-hozz\u00e1f\u00e9r\u00e9si szolg\u00e1ltat\u00e1sra vonatkoz\u00f3an a szolg\u00e1ltat\u00f3 \u00e1ltal az el\u0151fizet\u0151i szerz\u0151d\u00e9sben v\u00e1llalt legmagasabb le- \u00e9s felt\u00f6lt\u00e9si sebess\u00e9g, amelyet a felhaszn\u00e1l\u00f3 a szolg\u00e1ltat\u00e1s ig\u00e9nybev\u00e9tele sor\u00e1n megtapasztalhat. <sup>1<\/sup><\/td><\/tr><tr><td>Minim\u00e1lis (garant\u00e1lt) sebess\u00e9g<\/td><td>a helyhez k\u00f6t\u00f6tt internet-hozz\u00e1f\u00e9r\u00e9si szolg\u00e1ltat\u00e1sra vonatkoz\u00f3an a szolg\u00e1ltat\u00f3 \u00e1ltal az el\u0151fizet\u0151i szerz\u0151d\u00e9sben v\u00e1llalt az a legalacsonyabb le- \u00e9s felt\u00f6lt\u00e9si sebess\u00e9g, amely minden esetben az el\u0151fizet\u0151 rendelkez\u00e9s\u00e9re \u00e1ll.<sup>2<\/sup><\/td><\/tr><tr><td>Rendes k\u00f6r\u00fclm\u00e9nyek k\u00f6z\u00f6tt el\u00e9rhet\u0151 sebess\u00e9g<\/td><td>a helyhez k\u00f6t\u00f6tt internet-hozz\u00e1f\u00e9r\u00e9si szolg\u00e1ltat\u00e1sra vonatkoz\u00f3an a szolg\u00e1ltat\u00f3 \u00e1ltal az el\u0151fizet\u0151i szerz\u0151d\u00e9sben v\u00e1llalt le- \u00e9s felt\u00f6lt\u00e9si sebess\u00e9g, amely e rendeletben meghat\u00e1rozott m\u00e9rt\u00e9kben az el\u0151fizet\u0151 rendelkez\u00e9s\u00e9re \u00e1ll.<sup>3<\/sup><\/td><\/tr><tr><td>Csomagban foglalt adatforgalom<\/td><td>Az elektronikus h\u00edrk\u00f6zl\u00e9si szolg\u00e1ltat\u00f3 \u00e1ltal az el\u0151fizet\u0151i szerz\u0151d\u00e9sben r\u00f6gz\u00edtett havi d\u00edjban foglalt az internet-hozz\u00e1f\u00e9r\u00e9si szolg\u00e1ltat\u00e1s ny\u00fajt\u00e1sa sor\u00e1n az adott el\u0151fizet\u0151i hozz\u00e1f\u00e9r\u00e9si ponton m\u00e9rt adatmennyis\u00e9g, amely vagy a le- \u00e9s felt\u00f6lt\u00e9si ir\u00e1nyban fogadott \u00e9s k\u00fcld\u00f6tt adatmennyis\u00e9g \u00f6sszege, vagy csak a let\u00f6lt\u00e9si ir\u00e1nyban fogadott adatmennyis\u00e9ggel egyezik meg.<\/td><\/tr><tr><td>T\u00falforgalmaz\u00e1s kezel\u00e9se<\/td><td>Az elektronikus h\u00edrk\u00f6zl\u00e9si szolg\u00e1ltat\u00f3 \u00e1ltal az el\u0151fizet\u0151i szerz\u0151d\u00e9sben r\u00f6gz\u00edtett, a Csomagban foglalt adatforgalom el\u00e9r\u00e9se eset\u00e9n tett int\u00e9zked\u00e9s.<\/td><\/tr><tr><td>T\u00f6bb saj\u00e1t eszk\u00f6z k\u00f6z\u00f6tti megoszt\u00e1si lehet\u0151s\u00e9ge<\/td><td>Az elektronikus h\u00edrk\u00f6zl\u00e9si szolg\u00e1ltat\u00f3 \u00e1ltal az el\u0151fizet\u0151i szerz\u0151d\u00e9sben r\u00f6gz\u00edtett m\u00f3don, az internet-hozz\u00e1f\u00e9r\u00e9si szolg\u00e1ltat\u00e1s ny\u00fajt\u00e1sa sor\u00e1n az adott el\u0151fizet\u0151i hozz\u00e1f\u00e9r\u00e9si ponton az internet-hozz\u00e1f\u00e9r\u00e9si szolg\u00e1ltat\u00e1s v\u00e9gberendez\u00e9sek k\u00f6z\u00f6tti megoszt\u00e1si lehet\u0151s\u00e9ge t\u00e1mogatott-e (igen\/nem).<\/td><\/tr><tr><td>Felhaszn\u00e1l\u00e1si m\u00f3dok<\/td><td>Az elektronikus h\u00edrk\u00f6zl\u00e9si szolg\u00e1ltat\u00f3 \u00e1ltal az el\u0151fizet\u0151i szerz\u0151d\u00e9sben r\u00f6gz\u00edtett azon forgalmi t\u00edpus, amelyhez felt\u00e9tel kapcsol\u00f3dhat.<\/td><\/tr><tr><td>VoIP<\/td><td>Az adott felhaszn\u00e1l\u00e1si m\u00f3dra vonatkoz\u00f3 felt\u00e9tel megad\u00e1s\u00e1nak m\u00f3dja lehet:<\/td><\/tr><tr><td>Chat alkalmaz\u00e1sok K\u00f6z\u00f6ss\u00e9gi oldalak F\u00e1jlcser\u00e9l\u0151 alkalmaz\u00e1sok<\/td><td>\u2013 ig\u00e9nybe vehet\u0151<\/td><\/tr><tr><td>Video megoszt\u00f3 alkalmaz\u00e1sok<\/td><td>\u2013 nem vehet\u0151 ig\u00e9nybe<\/td><\/tr><tr><td>Egy\u00e9b<\/td><td>\u2013 felt\u00e9telekkel vehet\u0151 ig\u00e9nybe.<\/td><\/tr><\/tbody><\/table><\/figure>\n\n\n\n<figure class=\"wp-block-table\"><table><tbody><tr><td>[ 1] az elektronikus h\u00edrk\u00f6zl\u00e9si szolg\u00e1ltat\u00e1s min\u0151s\u00e9g\u00e9nek az el\u0151fizet\u0151k \u00e9s felhaszn\u00e1l\u00f3k v\u00e9delm\u00e9vel \u00f6sszef\u00fcgg\u0151 k\u00f6vetelm\u00e9nyeir\u0151l, valamint a d\u00edjaz\u00e1s hiteless\u00e9g\u00e9r\u0151l sz\u00f3l\u00f3 13\/2011. (XII. 27.) NMHH rendelet (tov\u00e1bbiakban \u201eRendelet\u201d) 2.\u00a7 (1) bekezd\u00e9s 9 pontja<\/td><\/tr><tr><td>[2] Rendelet 2.\u00a7 (1) bekezd\u00e9s 11 pontja alapj\u00e1n<\/td><\/tr><tr><td>[3] Rendelet 2.\u00a7 (1) bekezd\u00e9s 12b pontja alapj\u00e1n<\/td><\/tr><\/tbody><\/table><\/figure>\n","protected":false},"excerpt":{"rendered":"<p>\u00c9rv\u00e9nyes: 2026.04.01-t\u0151l Szolg\u00e1ltat\u00e1s t\u00edpus: Optikai vezet\u00e9kes internet szolg\u00e1ltat\u00e1s D\u00edjcsomag neve&nbsp;&nbsp; GigaNet 300 GigaNet 500 GigaNet 1000 Maxim\u00e1lis let\u00f6lt\u00e9si sebess\u00e9g (Mbit\/s) 300 500 1000 Maxim\u00e1lis felt\u00f6lt\u00e9si sebess\u00e9g (Mbit\/s) 300 500 1000 [&hellip;]<\/p>\n","protected":false},"author":1,"featured_media":0,"parent":0,"menu_order":6,"comment_status":"closed","ping_status":"closed","template":"","meta":{"footnotes":""},"class_list":["post-12","page","type-page","status-publish","hentry","has_no_thumb"],"jetpack_sharing_enabled":true,"_links":{"self":[{"href":"https:\/\/overnet.hu\/index.php?rest_route=\/wp\/v2\/pages\/12","targetHints":{"allow":["GET"]}}],"collection":[{"href":"https:\/\/overnet.hu\/index.php?rest_route=\/wp\/v2\/pages"}],"about":[{"href":"https:\/\/overnet.hu\/index.php?rest_route=\/wp\/v2\/types\/page"}],"author":[{"embeddable":true,"href":"https:\/\/overnet.hu\/index.php?rest_route=\/wp\/v2\/users\/1"}],"replies":[{"embeddable":true,"href":"https:\/\/overnet.hu\/index.php?rest_route=%2Fwp%2Fv2%2Fcomments&post=12"}],"version-history":[{"count":33,"href":"https:\/\/overnet.hu\/index.php?rest_route=\/wp\/v2\/pages\/12\/revisions"}],"predecessor-version":[{"id":2495,"href":"https:\/\/overnet.hu\/index.php?rest_route=\/wp\/v2\/pages\/12\/revisions\/2495"}],"wp:attachment":[{"href":"https:\/\/overnet.hu\/index.php?rest_route=%2Fwp%2Fv2%2Fmedia&parent=12"}],"curies":[{"name":"wp","href":"https:\/\/api.w.org\/{rel}","templated":true}]}}