{"id":114,"date":"2014-11-02T14:10:48","date_gmt":"2014-11-02T13:10:48","guid":{"rendered":"http:\/\/overnet.hu\/?page_id=114"},"modified":"2022-02-24T20:21:04","modified_gmt":"2022-02-24T19:21:04","slug":"ugyfelszolgalat","status":"publish","type":"page","link":"https:\/\/overnet.hu\/?page_id=114","title":{"rendered":"\u00dcgyf\u00e9lszolg\u00e1lat"},"content":{"rendered":"<p>El\u00e9rhet\u0151s\u00e9gek:<\/p>\n<p>5650, Mez\u0151ber\u00e9ny, Fortuna t\u00e9r 10<\/p>\n<p>Telefonsz\u00e1m: 06-66-200-207 \/ 1<\/p>\n<h6>tov\u00e1bbl\u00e9p\u00e9s az 1-es gomb megnyom\u00e1sa ut\u00e1n<\/h6>\n<p>Nyitvatart\u00e1s:\u00a0 munkanapokon 08.00 &#8211; 12.00, 13.00 &#8211; 17.00<\/p>\n <style type=\"text\/css\"> #ready_google_map_1{ width:100%; height:250px; float:top; border:0px solid ; margin:0px; } #gmapControlsNum_1{ width:100% } #ready_google_map_1 .gmpMarkerInfoWindow{ width:200px; height:100px; } .gmpMapDetailsContainer#gmpMapDetailsContainer_1{ height:250px; } .gmp_MapPreview#ready_google_map_1{ \/*position:absolute;*\/ width:100%; } #mapConElem_1{ width:100% } <\/style> <div class=\"gmp_map_opts \" id=\"mapConElem_1\"> <div class=\"gmpMapDetailsContainer\" id=\"gmpMapDetailsContainer_1\"> <div class=\"gmp_MapPreview \" id=\"ready_google_map_1\"><\/div> <\/div> <div class=\"gmpMapProControlsCon\" id=\"gmpMapProControlsCon_1\"> <\/div> <\/div>\n<p>Vegye fel vel\u00fcnk a kapcsolatot!<\/p>\n\n<div class=\"wpcf7 no-js\" id=\"wpcf7-f48-o1\" lang=\"hu-HU\" dir=\"ltr\" data-wpcf7-id=\"48\">\n<div class=\"screen-reader-response\"><p role=\"status\" aria-live=\"polite\" aria-atomic=\"true\"><\/p> <ul><\/ul><\/div>\n<form action=\"\/index.php?rest_route=%2Fwp%2Fv2%2Fpages%2F114#wpcf7-f48-o1\" method=\"post\" class=\"wpcf7-form init\" aria-label=\"Kapcsolatfelv\u00e9teli \u0171rlap\" novalidate=\"novalidate\" data-status=\"init\">\n<fieldset class=\"hidden-fields-container\"><input type=\"hidden\" name=\"_wpcf7\" value=\"48\" \/><input type=\"hidden\" name=\"_wpcf7_version\" value=\"6.1.5\" \/><input type=\"hidden\" name=\"_wpcf7_locale\" value=\"hu_HU\" \/><input type=\"hidden\" name=\"_wpcf7_unit_tag\" value=\"wpcf7-f48-o1\" \/><input type=\"hidden\" name=\"_wpcf7_container_post\" value=\"0\" \/><input type=\"hidden\" name=\"_wpcf7_posted_data_hash\" value=\"\" \/>\n<\/fieldset>\n<p>N\u00e9v (k\u00f6telez\u0151)\n<\/p>\n<p><span class=\"wpcf7-form-control-wrap\" data-name=\"your-name\"><input size=\"40\" maxlength=\"400\" class=\"wpcf7-form-control wpcf7-text wpcf7-validates-as-required\" aria-required=\"true\" aria-invalid=\"false\" value=\"\" type=\"text\" name=\"your-name\" \/><\/span>\n<\/p>\n<p>Email c\u00edm (k\u00f6telez\u0151)\n<\/p>\n<p><span class=\"wpcf7-form-control-wrap\" data-name=\"your-email\"><input size=\"40\" maxlength=\"400\" class=\"wpcf7-form-control wpcf7-email wpcf7-validates-as-required wpcf7-text wpcf7-validates-as-email\" aria-required=\"true\" aria-invalid=\"false\" value=\"\" type=\"email\" name=\"your-email\" \/><\/span>\n<\/p>\n<p>T\u00e1rgy\n<\/p>\n<p><span class=\"wpcf7-form-control-wrap\" data-name=\"your-subject\"><input size=\"40\" maxlength=\"400\" class=\"wpcf7-form-control wpcf7-text\" aria-invalid=\"false\" value=\"\" type=\"text\" name=\"your-subject\" \/><\/span>\n<\/p>\n<p>\u00dczenet\n<\/p>\n<p><span class=\"wpcf7-form-control-wrap\" data-name=\"your-message\"><textarea cols=\"40\" rows=\"10\" maxlength=\"2000\" class=\"wpcf7-form-control wpcf7-textarea\" aria-invalid=\"false\" name=\"your-message\"><\/textarea><\/span>\n<\/p>\n<p><input class=\"wpcf7-form-control wpcf7-submit has-spinner\" type=\"submit\" value=\"K\u00fcld\u00e9s\" \/>\n<\/p><div class=\"wpcf7-response-output\" aria-hidden=\"true\"><\/div>\n<\/form>\n<\/div>\n\n","protected":false},"excerpt":{"rendered":"<p>El\u00e9rhet\u0151s\u00e9gek: 5650, Mez\u0151ber\u00e9ny, Fortuna t\u00e9r 10 Telefonsz\u00e1m: 06-66-200-207 \/ 1 tov\u00e1bbl\u00e9p\u00e9s az 1-es gomb megnyom\u00e1sa ut\u00e1n Nyitvatart\u00e1s:\u00a0 munkanapokon 08.00 &#8211; 12.00, 13.00 &#8211; 17.00 Vegye fel vel\u00fcnk a kapcsolatot!<\/p>\n","protected":false},"author":2,"featured_media":0,"parent":0,"menu_order":0,"comment_status":"closed","ping_status":"closed","template":"","meta":{"footnotes":""},"class_list":["post-114","page","type-page","status-publish","hentry","has_no_thumb"],"jetpack_sharing_enabled":true,"_links":{"self":[{"href":"https:\/\/overnet.hu\/index.php?rest_route=\/wp\/v2\/pages\/114","targetHints":{"allow":["GET"]}}],"collection":[{"href":"https:\/\/overnet.hu\/index.php?rest_route=\/wp\/v2\/pages"}],"about":[{"href":"https:\/\/overnet.hu\/index.php?rest_route=\/wp\/v2\/types\/page"}],"author":[{"embeddable":true,"href":"https:\/\/overnet.hu\/index.php?rest_route=\/wp\/v2\/users\/2"}],"replies":[{"embeddable":true,"href":"https:\/\/overnet.hu\/index.php?rest_route=%2Fwp%2Fv2%2Fcomments&post=114"}],"version-history":[{"count":10,"href":"https:\/\/overnet.hu\/index.php?rest_route=\/wp\/v2\/pages\/114\/revisions"}],"predecessor-version":[{"id":1118,"href":"https:\/\/overnet.hu\/index.php?rest_route=\/wp\/v2\/pages\/114\/revisions\/1118"}],"wp:attachment":[{"href":"https:\/\/overnet.hu\/index.php?rest_route=%2Fwp%2Fv2%2Fmedia&parent=114"}],"curies":[{"name":"wp","href":"https:\/\/api.w.org\/{rel}","templated":true}]}}